{"id":9983,"date":"2019-10-10T10:23:04","date_gmt":"2019-10-22T07:37:04","guid":{"rendered":"https:\/\/trapp.be\/product\/pack-de-recharge-pour-gel-douche-aloe-vera\/"},"modified":"2023-07-14T19:40:17","modified_gmt":"2023-07-14T18:40:17","slug":"pack-de-recharge-pour-gel-douche-aloe-vera","status":"publish","type":"product","link":"https:\/\/trapp.be\/fr\/produit\/pack-de-recharge-pour-gel-douche-aloe-vera\/","title":{"rendered":"Pack de recharge pour gel douche Aloe vera"},"content":{"rendered":"<p>Les s\u0153urs trappistines de l\u2019Abbaye Notre-Dame de Nazareth \u00e0 Brecht ont commenc\u00e9 en 1964 une modeste savonnerie. TRAPP. est une ligne de savons et de produits d\u2019entretien artisanaux r\u00e9alis\u00e9s selon des recettes propres \u00e0 l\u2019Abbaye.<\/p>\n<p>L\u2019aloe vera est aussi connu pour ses propri\u00e9t\u00e9s bienfaisantes comme \u00ab\u00a0le m\u00e9decin silencieux\u00a0\u00bb. Ce gel douche aux extraits naturels d\u2019aloe vera adoucit et nourrit tous types de peaux.<\/p>\n","protected":false},"excerpt":{"rendered":"<p>Les s\u0153urs trappistines de l\u2019Abbaye Notre-Dame de Nazareth \u00e0 Brecht ont commenc\u00e9 en 1964 une modeste savonnerie. TRAPP. est une ligne de savons et de produits d\u2019entretien artisanaux r\u00e9alis\u00e9s selon des recettes propres \u00e0 l\u2019Abbaye.<\/p>\n<p>L\u2019aloe vera est aussi connu pour ses propri\u00e9t\u00e9s bienfaisantes comme \u00ab\u00a0le m\u00e9decin silencieux\u00a0\u00bb. Ce gel douche aux extraits naturels d\u2019aloe vera adoucit et nourrit tous types de peaux.<\/p>\n","protected":false},"featured_media":7727,"comment_status":"open","ping_status":"closed","template":"","meta":[],"product_brand":[],"product_cat":[100,90,95],"product_tag":[],"class_list":{"0":"post-9983","1":"product","2":"type-product","3":"status-publish","4":"has-post-thumbnail","6":"product_cat-aloe-vera-fr","7":"product_cat-gel-douche","8":"product_cat-pack-de-recharge","10":"first","11":"instock","12":"taxable","13":"shipping-taxable","14":"purchasable","15":"product-type-simple"},"_links":{"self":[{"href":"https:\/\/trapp.be\/fr\/wp-json\/wp\/v2\/product\/9983","targetHints":{"allow":["GET"]}}],"collection":[{"href":"https:\/\/trapp.be\/fr\/wp-json\/wp\/v2\/product"}],"about":[{"href":"https:\/\/trapp.be\/fr\/wp-json\/wp\/v2\/types\/product"}],"replies":[{"embeddable":true,"href":"https:\/\/trapp.be\/fr\/wp-json\/wp\/v2\/comments?post=9983"}],"wp:featuredmedia":[{"embeddable":true,"href":"https:\/\/trapp.be\/fr\/wp-json\/wp\/v2\/media\/7727"}],"wp:attachment":[{"href":"https:\/\/trapp.be\/fr\/wp-json\/wp\/v2\/media?parent=9983"}],"wp:term":[{"taxonomy":"product_brand","embeddable":true,"href":"https:\/\/trapp.be\/fr\/wp-json\/wp\/v2\/product_brand?post=9983"},{"taxonomy":"product_cat","embeddable":true,"href":"https:\/\/trapp.be\/fr\/wp-json\/wp\/v2\/product_cat?post=9983"},{"taxonomy":"product_tag","embeddable":true,"href":"https:\/\/trapp.be\/fr\/wp-json\/wp\/v2\/product_tag?post=9983"}],"curies":[{"name":"wp","href":"https:\/\/api.w.org\/{rel}","templated":true}]}}