{"id":9965,"date":"2020-11-12T20:12:12","date_gmt":"2019-10-22T07:25:12","guid":{"rendered":"https:\/\/trapp.be\/product\/aloe-vera-savon-pour-les-mains\/"},"modified":"2023-07-14T19:37:06","modified_gmt":"2023-07-14T18:37:06","slug":"aloe-vera-savon-pour-les-mains","status":"publish","type":"product","link":"https:\/\/trapp.be\/fr\/produit\/aloe-vera-savon-pour-les-mains\/","title":{"rendered":"Aloe vera savon pour les mains"},"content":{"rendered":"<p>Les s\u0153urs trappistines de l\u2019Abbaye Notre-Dame de Nazareth \u00e0 Brecht ont commenc\u00e9 en 1964 une modeste savonnerie. TRAPP. est une ligne de savons et de produits d\u2019entretien artisanaux r\u00e9alis\u00e9s selon des recettes propres \u00e0 l\u2019Abbaye.<\/p>\n<p>L\u2019aloe vera est aussi connu pour ses propri\u00e9t\u00e9s bienfaisantes comme \u00ab\u00a0le m\u00e9decin silencieux\u00a0\u00bb. Ce savon liquide pour les mains aux extraits naturels d\u2019aloe vera soigne et hydrate.<\/p>\n","protected":false},"excerpt":{"rendered":"<p>Les s\u0153urs trappistines de l\u2019Abbaye Notre-Dame de Nazareth \u00e0 Brecht ont commenc\u00e9 en 1964 une modeste savonnerie. TRAPP. est une ligne de savons et de produits d\u2019entretien artisanaux r\u00e9alis\u00e9s selon des recettes propres \u00e0 l\u2019Abbaye.<\/p>\n<p>L\u2019aloe vera est aussi connu pour ses propri\u00e9t\u00e9s bienfaisantes comme \u00ab\u00a0le m\u00e9decin silencieux\u00a0\u00bb. Ce savon liquide pour les mains aux extraits naturels d\u2019aloe vera soigne et hydrate.<\/p>\n","protected":false},"featured_media":9966,"comment_status":"open","ping_status":"closed","template":"","meta":[],"product_brand":[],"product_cat":[100,88],"product_tag":[],"class_list":{"0":"post-9965","1":"product","2":"type-product","3":"status-publish","4":"has-post-thumbnail","6":"product_cat-aloe-vera-fr","7":"product_cat-savon-liquide","9":"first","10":"instock","11":"taxable","12":"shipping-taxable","13":"purchasable","14":"product-type-simple"},"_links":{"self":[{"href":"https:\/\/trapp.be\/fr\/wp-json\/wp\/v2\/product\/9965","targetHints":{"allow":["GET"]}}],"collection":[{"href":"https:\/\/trapp.be\/fr\/wp-json\/wp\/v2\/product"}],"about":[{"href":"https:\/\/trapp.be\/fr\/wp-json\/wp\/v2\/types\/product"}],"replies":[{"embeddable":true,"href":"https:\/\/trapp.be\/fr\/wp-json\/wp\/v2\/comments?post=9965"}],"wp:featuredmedia":[{"embeddable":true,"href":"https:\/\/trapp.be\/fr\/wp-json\/wp\/v2\/media\/9966"}],"wp:attachment":[{"href":"https:\/\/trapp.be\/fr\/wp-json\/wp\/v2\/media?parent=9965"}],"wp:term":[{"taxonomy":"product_brand","embeddable":true,"href":"https:\/\/trapp.be\/fr\/wp-json\/wp\/v2\/product_brand?post=9965"},{"taxonomy":"product_cat","embeddable":true,"href":"https:\/\/trapp.be\/fr\/wp-json\/wp\/v2\/product_cat?post=9965"},{"taxonomy":"product_tag","embeddable":true,"href":"https:\/\/trapp.be\/fr\/wp-json\/wp\/v2\/product_tag?post=9965"}],"curies":[{"name":"wp","href":"https:\/\/api.w.org\/{rel}","templated":true}]}}