{"id":9911,"date":"2019-10-10T10:15:35","date_gmt":"2019-10-21T08:55:35","guid":{"rendered":"https:\/\/trapp.be\/product\/pack-de-recharge-pour-gel-douche-et-bain-moussant-bruyere-aux-baies-de-genevrier\/"},"modified":"2023-07-14T19:42:06","modified_gmt":"2023-07-14T18:42:06","slug":"pack-de-recharge-pour-gel-douche-et-bain-moussant-bruyere-aux-baies-de-genevrier","status":"publish","type":"product","link":"https:\/\/trapp.be\/fr\/produit\/pack-de-recharge-pour-gel-douche-et-bain-moussant-bruyere-aux-baies-de-genevrier\/","title":{"rendered":"Pack de recharge pour gel douche et bain moussant bruy\u00e8re aux baies de gen\u00e9vrier"},"content":{"rendered":"<p>Les s\u0153urs trappistines de l\u2019Abbaye Notre-Dame de Nazareth \u00e0 Brecht ont commenc\u00e9 en 1964 une modeste savonnerie. TRAPP. est une ligne de savons et de produits d\u2019entretien artisanaux r\u00e9alis\u00e9s selon des recettes propres \u00e0 l\u2019Abbaye.<\/p>\n<p>La bruy\u00e8re et le gen\u00e9vrier poussent naturellement aux alentours de l\u2019Abbaye de Brecht.<\/p>\n<p>Ce bain moussant et gel douche aux extraits naturels de baies de gen\u00e9vrier sont relaxants.<\/p>\n","protected":false},"excerpt":{"rendered":"<p>Les s\u0153urs trappistines de l\u2019Abbaye Notre-Dame de Nazareth \u00e0 Brecht ont commenc\u00e9 en 1964 une modeste savonnerie. TRAPP. est une ligne de savons et de produits d\u2019entretien artisanaux r\u00e9alis\u00e9s selon des recettes propres \u00e0 l\u2019Abbaye.<\/p>\n<p>La bruy\u00e8re et le gen\u00e9vrier poussent naturellement aux alentours de l\u2019Abbaye de Brecht.<\/p>\n<p>Ce bain moussant et gel douche aux extraits naturels de baies de gen\u00e9vrier sont relaxants.<\/p>\n","protected":false},"featured_media":14712,"comment_status":"open","ping_status":"closed","template":"","meta":[],"product_brand":[],"product_cat":[90,95,94],"product_tag":[],"class_list":{"0":"post-9911","1":"product","2":"type-product","3":"status-publish","4":"has-post-thumbnail","6":"product_cat-gel-douche","7":"product_cat-pack-de-recharge","8":"product_cat-traditionals-fr","10":"first","11":"instock","12":"taxable","13":"shipping-taxable","14":"purchasable","15":"product-type-simple"},"_links":{"self":[{"href":"https:\/\/trapp.be\/fr\/wp-json\/wp\/v2\/product\/9911","targetHints":{"allow":["GET"]}}],"collection":[{"href":"https:\/\/trapp.be\/fr\/wp-json\/wp\/v2\/product"}],"about":[{"href":"https:\/\/trapp.be\/fr\/wp-json\/wp\/v2\/types\/product"}],"replies":[{"embeddable":true,"href":"https:\/\/trapp.be\/fr\/wp-json\/wp\/v2\/comments?post=9911"}],"wp:featuredmedia":[{"embeddable":true,"href":"https:\/\/trapp.be\/fr\/wp-json\/wp\/v2\/media\/14712"}],"wp:attachment":[{"href":"https:\/\/trapp.be\/fr\/wp-json\/wp\/v2\/media?parent=9911"}],"wp:term":[{"taxonomy":"product_brand","embeddable":true,"href":"https:\/\/trapp.be\/fr\/wp-json\/wp\/v2\/product_brand?post=9911"},{"taxonomy":"product_cat","embeddable":true,"href":"https:\/\/trapp.be\/fr\/wp-json\/wp\/v2\/product_cat?post=9911"},{"taxonomy":"product_tag","embeddable":true,"href":"https:\/\/trapp.be\/fr\/wp-json\/wp\/v2\/product_tag?post=9911"}],"curies":[{"name":"wp","href":"https:\/\/api.w.org\/{rel}","templated":true}]}}