{"id":9905,"date":"2019-10-10T10:14:36","date_gmt":"2019-10-22T08:02:36","guid":{"rendered":"https:\/\/trapp.be\/product\/shampoing-aux-oeufs-et-calendula\/"},"modified":"2023-07-14T19:42:22","modified_gmt":"2023-07-14T18:42:22","slug":"shampoing-aux-oeufs-et-calendula","status":"publish","type":"product","link":"https:\/\/trapp.be\/fr\/produit\/shampoing-aux-oeufs-et-calendula\/","title":{"rendered":"Shampoing aux \u0153ufs et calendula"},"content":{"rendered":"<p>Les s\u0153urs trappistines de l\u2019Abbaye Notre-Dame de Nazareth \u00e0 Brecht ont commenc\u00e9 en 1964 une modeste savonnerie. TRAPP. est une ligne de savons et de produits d\u2019entretien artisanaux r\u00e9alis\u00e9s selon des recettes propres \u00e0 l\u2019Abbaye.<\/p>\n<p>D\u00e8s le Moyen-Age, les \u0153ufs et le calendula sont utilis\u00e9s pour le soin des cheveux et du cuir chevelu. Ce shampoing r\u00e9alis\u00e9 selon une recette traditionnelle vous donne du volume \u00e0 vos cheveux et les rend doux au toucher.<\/p>\n","protected":false},"excerpt":{"rendered":"<p>Les s\u0153urs trappistines de l\u2019Abbaye Notre-Dame de Nazareth \u00e0 Brecht ont commenc\u00e9 en 1964 une modeste savonnerie. TRAPP. est une ligne de savons et de produits d\u2019entretien artisanaux r\u00e9alis\u00e9s selon des recettes propres \u00e0 l\u2019Abbaye.<\/p>\n<p>D\u00e8s le Moyen-Age, les \u0153ufs et le calendula sont utilis\u00e9s pour le soin des cheveux et du cuir chevelu. Ce shampoing r\u00e9alis\u00e9 selon une recette traditionnelle vous donne du volume \u00e0 vos cheveux et les rend doux au toucher.<\/p>\n","protected":false},"featured_media":14718,"comment_status":"open","ping_status":"closed","template":"","meta":[],"product_brand":[],"product_cat":[89,94],"product_tag":[],"class_list":{"0":"post-9905","1":"product","2":"type-product","3":"status-publish","4":"has-post-thumbnail","6":"product_cat-shampoing","7":"product_cat-traditionals-fr","9":"first","10":"instock","11":"taxable","12":"shipping-taxable","13":"purchasable","14":"product-type-simple"},"_links":{"self":[{"href":"https:\/\/trapp.be\/fr\/wp-json\/wp\/v2\/product\/9905","targetHints":{"allow":["GET"]}}],"collection":[{"href":"https:\/\/trapp.be\/fr\/wp-json\/wp\/v2\/product"}],"about":[{"href":"https:\/\/trapp.be\/fr\/wp-json\/wp\/v2\/types\/product"}],"replies":[{"embeddable":true,"href":"https:\/\/trapp.be\/fr\/wp-json\/wp\/v2\/comments?post=9905"}],"wp:featuredmedia":[{"embeddable":true,"href":"https:\/\/trapp.be\/fr\/wp-json\/wp\/v2\/media\/14718"}],"wp:attachment":[{"href":"https:\/\/trapp.be\/fr\/wp-json\/wp\/v2\/media?parent=9905"}],"wp:term":[{"taxonomy":"product_brand","embeddable":true,"href":"https:\/\/trapp.be\/fr\/wp-json\/wp\/v2\/product_brand?post=9905"},{"taxonomy":"product_cat","embeddable":true,"href":"https:\/\/trapp.be\/fr\/wp-json\/wp\/v2\/product_cat?post=9905"},{"taxonomy":"product_tag","embeddable":true,"href":"https:\/\/trapp.be\/fr\/wp-json\/wp\/v2\/product_tag?post=9905"}],"curies":[{"name":"wp","href":"https:\/\/api.w.org\/{rel}","templated":true}]}}