{"id":9871,"date":"2023-03-31T14:50:20","date_gmt":"2020-06-22T08:21:20","guid":{"rendered":"https:\/\/trapp.be\/product\/shampoing-a-la-biere-trappiste-westmalle-dubbel\/"},"modified":"2023-07-14T18:56:51","modified_gmt":"2023-07-14T17:56:51","slug":"shampoing-a-la-biere-trappiste-westmalle-dubbel","status":"publish","type":"product","link":"https:\/\/trapp.be\/fr\/produit\/shampoing-a-la-biere-trappiste-westmalle-dubbel\/","title":{"rendered":"Shampoing \u00e0 la bi\u00e8re trappiste Westmalle Dubbel"},"content":{"rendered":"<p>Les soeurs trappistines de l\u2019Abbaye Notre-Dame de Nazareth \u00e0 Brecht ont commenc\u00e9 en<\/p>\n<p>1964 une modeste savonnerie. TRAPP. est une ligne de savons et de produits d\u2019entretien<\/p>\n<p>artisanaux r\u00e9alis\u00e9s selon des recettes propres \u00e0 l\u2019Abbaye. Nos voisins trappistes de<\/p>\n<p>Westmalle brassent de la bi\u00e8re depuis plus de cent ans. Ce shampoing \u00e0 la bi\u00e8re trappiste<\/p>\n<p>Westmalle Dubbel est un shampooing nourrissant pour tous les types de cheveux, enrichi des<\/p>\n<p>\u00e9l\u00e9ments positifs de la bi\u00e8re.<\/p>\n","protected":false},"excerpt":{"rendered":"<p>Les soeurs trappistines de l\u2019Abbaye Notre-Dame de Nazareth \u00e0 Brecht ont commenc\u00e9 en<\/p>\n<p>1964 une modeste savonnerie. TRAPP. est une ligne de savons et de produits d\u2019entretien<\/p>\n<p>artisanaux r\u00e9alis\u00e9s selon des recettes propres \u00e0 l\u2019Abbaye. Nos voisins trappistes de<\/p>\n<p>Westmalle brassent de la bi\u00e8re depuis plus de cent ans. Ce shampoing \u00e0 la bi\u00e8re trappiste<\/p>\n<p>Westmalle Dubbel est un shampooing nourrissant pour tous les types de cheveux, enrichi des<\/p>\n<p>\u00e9l\u00e9ments positifs de la bi\u00e8re.<\/p>\n","protected":false},"featured_media":9668,"comment_status":"open","ping_status":"closed","template":"","meta":[],"product_brand":[],"product_cat":[87,89],"product_tag":[],"class_list":{"0":"post-9871","1":"product","2":"type-product","3":"status-publish","4":"has-post-thumbnail","6":"product_cat-ligne-de-biere","7":"product_cat-shampoing","9":"first","10":"instock","11":"taxable","12":"shipping-taxable","13":"purchasable","14":"product-type-simple"},"_links":{"self":[{"href":"https:\/\/trapp.be\/fr\/wp-json\/wp\/v2\/product\/9871","targetHints":{"allow":["GET"]}}],"collection":[{"href":"https:\/\/trapp.be\/fr\/wp-json\/wp\/v2\/product"}],"about":[{"href":"https:\/\/trapp.be\/fr\/wp-json\/wp\/v2\/types\/product"}],"replies":[{"embeddable":true,"href":"https:\/\/trapp.be\/fr\/wp-json\/wp\/v2\/comments?post=9871"}],"wp:featuredmedia":[{"embeddable":true,"href":"https:\/\/trapp.be\/fr\/wp-json\/wp\/v2\/media\/9668"}],"wp:attachment":[{"href":"https:\/\/trapp.be\/fr\/wp-json\/wp\/v2\/media?parent=9871"}],"wp:term":[{"taxonomy":"product_brand","embeddable":true,"href":"https:\/\/trapp.be\/fr\/wp-json\/wp\/v2\/product_brand?post=9871"},{"taxonomy":"product_cat","embeddable":true,"href":"https:\/\/trapp.be\/fr\/wp-json\/wp\/v2\/product_cat?post=9871"},{"taxonomy":"product_tag","embeddable":true,"href":"https:\/\/trapp.be\/fr\/wp-json\/wp\/v2\/product_tag?post=9871"}],"curies":[{"name":"wp","href":"https:\/\/api.w.org\/{rel}","templated":true}]}}