{"id":9869,"date":"2020-11-12T20:15:56","date_gmt":"2020-11-12T18:06:56","guid":{"rendered":"https:\/\/trapp.be\/product\/pack-de-recharge-pour-gel-douche-a-la-biere-trappiste-westmalle-dubbel\/"},"modified":"2023-07-14T19:36:03","modified_gmt":"2023-07-14T18:36:03","slug":"pack-de-recharge-pour-gel-douche-a-la-biere-trappiste-westmalle-dubbel","status":"publish","type":"product","link":"https:\/\/trapp.be\/fr\/produit\/pack-de-recharge-pour-gel-douche-a-la-biere-trappiste-westmalle-dubbel\/","title":{"rendered":"Pack de recharge pour Gel douche \u00e0 la bi\u00e8re trappiste Westmalle Dubbel"},"content":{"rendered":"<p>Les soeurs trappistines de l\u2019Abbaye Notre-Dame de Nazareth \u00e0 Brecht ont commenc\u00e9 en<\/p>\n<p>1964 une modeste savonnerie. TRAPP. est une ligne de savons et de produits d\u2019entretien<\/p>\n<p>artisanaux r\u00e9alis\u00e9s \u00e0 partir des recettes propres de l\u2019Abbaye. Depuis plus de cent ans leurs<\/p>\n<p>voisins, les moines trappistes de Westmalle, brassent de la bi\u00e8re. Ce gel douche \u00e0 la bi\u00e8re<\/p>\n<p>trappiste Westmalle Dubbel contient les meilleurs composants de la bi\u00e8re. Il a en outre une<\/p>\n<p>odeur agr\u00e9able, garantie assur\u00e9e d`une douche unique en son genre.<\/p>\n","protected":false},"excerpt":{"rendered":"<p>Les soeurs trappistines de l\u2019Abbaye Notre-Dame de Nazareth \u00e0 Brecht ont commenc\u00e9 en<\/p>\n<p>1964 une modeste savonnerie. TRAPP. est une ligne de savons et de produits d\u2019entretien<\/p>\n<p>artisanaux r\u00e9alis\u00e9s \u00e0 partir des recettes propres de l\u2019Abbaye. Depuis plus de cent ans leurs<\/p>\n<p>voisins, les moines trappistes de Westmalle, brassent de la bi\u00e8re. Ce gel douche \u00e0 la bi\u00e8re<\/p>\n<p>trappiste Westmalle Dubbel contient les meilleurs composants de la bi\u00e8re. Il a en outre une<\/p>\n<p>odeur agr\u00e9able, garantie assur\u00e9e d`une douche unique en son genre.<\/p>\n","protected":false},"featured_media":9870,"comment_status":"open","ping_status":"closed","template":"","meta":[],"product_brand":[],"product_cat":[90,87],"product_tag":[],"class_list":{"0":"post-9869","1":"product","2":"type-product","3":"status-publish","4":"has-post-thumbnail","6":"product_cat-gel-douche","7":"product_cat-ligne-de-biere","9":"first","10":"instock","11":"taxable","12":"shipping-taxable","13":"purchasable","14":"product-type-simple"},"_links":{"self":[{"href":"https:\/\/trapp.be\/fr\/wp-json\/wp\/v2\/product\/9869","targetHints":{"allow":["GET"]}}],"collection":[{"href":"https:\/\/trapp.be\/fr\/wp-json\/wp\/v2\/product"}],"about":[{"href":"https:\/\/trapp.be\/fr\/wp-json\/wp\/v2\/types\/product"}],"replies":[{"embeddable":true,"href":"https:\/\/trapp.be\/fr\/wp-json\/wp\/v2\/comments?post=9869"}],"wp:featuredmedia":[{"embeddable":true,"href":"https:\/\/trapp.be\/fr\/wp-json\/wp\/v2\/media\/9870"}],"wp:attachment":[{"href":"https:\/\/trapp.be\/fr\/wp-json\/wp\/v2\/media?parent=9869"}],"wp:term":[{"taxonomy":"product_brand","embeddable":true,"href":"https:\/\/trapp.be\/fr\/wp-json\/wp\/v2\/product_brand?post=9869"},{"taxonomy":"product_cat","embeddable":true,"href":"https:\/\/trapp.be\/fr\/wp-json\/wp\/v2\/product_cat?post=9869"},{"taxonomy":"product_tag","embeddable":true,"href":"https:\/\/trapp.be\/fr\/wp-json\/wp\/v2\/product_tag?post=9869"}],"curies":[{"name":"wp","href":"https:\/\/api.w.org\/{rel}","templated":true}]}}