{"id":9863,"date":"2023-03-31T14:48:56","date_gmt":"2023-03-31T13:48:56","guid":{"rendered":"https:\/\/trapp.be\/product\/savon-liquide-a-la-biere-trappiste-westmalle-dubbel\/"},"modified":"2025-11-23T15:53:17","modified_gmt":"2025-11-23T14:53:17","slug":"savon-liquide-a-la-biere-trappiste-westmalle-dubbel","status":"publish","type":"product","link":"https:\/\/trapp.be\/fr\/produit\/savon-liquide-a-la-biere-trappiste-westmalle-dubbel\/","title":{"rendered":"Savon liquide \u00e0 la bi\u00e8re trappiste Westmalle Dubbel"},"content":{"rendered":"<p>Les soeurs trappistines de l\u2019Abbaye Notre-Dame de Nazareth \u00e0 Brecht ont commenc\u00e9<\/p>\n<p>en 1964 une modeste savonnerie. TRAPP. est une ligne de savons et de produits<\/p>\n<p>d\u2019entretien artisanaux r\u00e9alis\u00e9s \u00e0 partir des recettes propres de l\u2019Abbaye. Depuis plus de<\/p>\n<p>cent ans leurs voisins, les moines trappistes de Westmalle, brassent de la bi\u00e8re. Ce<\/p>\n<p>savon liquide \u00e0 la bi\u00e8re trappiste Westmalle Dubbel est un savon \u00e0 la fois doux, purifiant<\/p>\n<p>et unique gr\u00e2ce aux \u00e9l\u00e9ments positifs de la bi\u00e8re.<\/p>\n<p>&nbsp;<\/p>\n","protected":false},"excerpt":{"rendered":"<p>Les soeurs trappistines de l\u2019Abbaye Notre-Dame de Nazareth \u00e0 Brecht ont commenc\u00e9<\/p>\n<p>en 1964 une modeste savonnerie. TRAPP. est une ligne de savons et de produits<\/p>\n<p>d\u2019entretien artisanaux r\u00e9alis\u00e9s \u00e0 partir des recettes propres de l\u2019Abbaye. Depuis plus de<\/p>\n<p>cent ans leurs voisins, les moines trappistes de Westmalle, brassent de la bi\u00e8re. Ce<\/p>\n<p>savon liquide \u00e0 la bi\u00e8re trappiste Westmalle Dubbel est un savon \u00e0 la fois doux, purifiant<\/p>\n<p>et unique gr\u00e2ce aux \u00e9l\u00e9ments positifs de la bi\u00e8re.<\/p>\n<p>&nbsp;<\/p>\n","protected":false},"featured_media":9864,"comment_status":"open","ping_status":"closed","template":"","meta":[],"product_brand":[],"product_cat":[87,88],"product_tag":[],"class_list":{"0":"post-9863","1":"product","2":"type-product","3":"status-publish","4":"has-post-thumbnail","6":"product_cat-ligne-de-biere","7":"product_cat-savon-liquide","9":"first","10":"instock","11":"taxable","12":"shipping-taxable","13":"purchasable","14":"product-type-simple"},"_links":{"self":[{"href":"https:\/\/trapp.be\/fr\/wp-json\/wp\/v2\/product\/9863","targetHints":{"allow":["GET"]}}],"collection":[{"href":"https:\/\/trapp.be\/fr\/wp-json\/wp\/v2\/product"}],"about":[{"href":"https:\/\/trapp.be\/fr\/wp-json\/wp\/v2\/types\/product"}],"replies":[{"embeddable":true,"href":"https:\/\/trapp.be\/fr\/wp-json\/wp\/v2\/comments?post=9863"}],"wp:featuredmedia":[{"embeddable":true,"href":"https:\/\/trapp.be\/fr\/wp-json\/wp\/v2\/media\/9864"}],"wp:attachment":[{"href":"https:\/\/trapp.be\/fr\/wp-json\/wp\/v2\/media?parent=9863"}],"wp:term":[{"taxonomy":"product_brand","embeddable":true,"href":"https:\/\/trapp.be\/fr\/wp-json\/wp\/v2\/product_brand?post=9863"},{"taxonomy":"product_cat","embeddable":true,"href":"https:\/\/trapp.be\/fr\/wp-json\/wp\/v2\/product_cat?post=9863"},{"taxonomy":"product_tag","embeddable":true,"href":"https:\/\/trapp.be\/fr\/wp-json\/wp\/v2\/product_tag?post=9863"}],"curies":[{"name":"wp","href":"https:\/\/api.w.org\/{rel}","templated":true}]}}