{"id":17104,"date":"2020-10-22T10:38:13","date_gmt":"2025-01-20T09:58:14","guid":{"rendered":"https:\/\/trapp.be\/?post_type=product&#038;p=17104"},"modified":"2025-01-20T11:56:31","modified_gmt":"2025-01-20T10:56:31","slug":"savon-a-la-lavande-kopie","status":"publish","type":"product","link":"https:\/\/trapp.be\/fr\/produit\/savon-a-la-lavande-kopie\/","title":{"rendered":"Savon \u00e0 la bi\u00e8re"},"content":{"rendered":"<p>Les Trappistes de Westmalle, voisins de l&rsquo;Abbaye Notre-Dame de Nazareth, brassent de la bi\u00e8re depuis plus de cent ans. Les produits de bi\u00e8re trappiste de Westmalle Dubbel sont d&rsquo;excellents produits de soin, enrichis en polyph\u00e9nols, min\u00e9raux, vitamines et oligo-\u00e9l\u00e9ments issus de la bi\u00e8re.<\/p>\n","protected":false},"excerpt":{"rendered":"<p>Ce morceau de savon artisanal \u00e0 la bi\u00e8re trappiste Dubbel de Westmalle a un parfum frais et contient toutes les propri\u00e9t\u00e9s positives de la bi\u00e8re pour la peau et les cheveux.<\/p>\n","protected":false},"featured_media":17108,"comment_status":"open","ping_status":"closed","template":"","meta":[],"product_brand":[],"product_cat":[87,96],"product_tag":[],"class_list":{"0":"post-17104","1":"product","2":"type-product","3":"status-publish","4":"has-post-thumbnail","6":"product_cat-ligne-de-biere","7":"product_cat-savon","9":"first","10":"instock","11":"taxable","12":"shipping-taxable","13":"purchasable","14":"product-type-simple"},"_links":{"self":[{"href":"https:\/\/trapp.be\/fr\/wp-json\/wp\/v2\/product\/17104","targetHints":{"allow":["GET"]}}],"collection":[{"href":"https:\/\/trapp.be\/fr\/wp-json\/wp\/v2\/product"}],"about":[{"href":"https:\/\/trapp.be\/fr\/wp-json\/wp\/v2\/types\/product"}],"replies":[{"embeddable":true,"href":"https:\/\/trapp.be\/fr\/wp-json\/wp\/v2\/comments?post=17104"}],"wp:featuredmedia":[{"embeddable":true,"href":"https:\/\/trapp.be\/fr\/wp-json\/wp\/v2\/media\/17108"}],"wp:attachment":[{"href":"https:\/\/trapp.be\/fr\/wp-json\/wp\/v2\/media?parent=17104"}],"wp:term":[{"taxonomy":"product_brand","embeddable":true,"href":"https:\/\/trapp.be\/fr\/wp-json\/wp\/v2\/product_brand?post=17104"},{"taxonomy":"product_cat","embeddable":true,"href":"https:\/\/trapp.be\/fr\/wp-json\/wp\/v2\/product_cat?post=17104"},{"taxonomy":"product_tag","embeddable":true,"href":"https:\/\/trapp.be\/fr\/wp-json\/wp\/v2\/product_tag?post=17104"}],"curies":[{"name":"wp","href":"https:\/\/api.w.org\/{rel}","templated":true}]}}