{"id":14618,"date":"2023-03-31T14:45:02","date_gmt":"2023-03-31T13:51:02","guid":{"rendered":"https:\/\/trapp.be\/product\/paquet-de-soins-a-la-lavande-avec-savon-en-forme-de-coeur\/"},"modified":"2023-07-14T19:01:56","modified_gmt":"2023-07-14T18:01:56","slug":"paquet-de-soins-a-la-lavande-avec-savon-en-forme-de-coeur","status":"publish","type":"product","link":"https:\/\/trapp.be\/fr\/produit\/paquet-de-soins-a-la-lavande-avec-savon-en-forme-de-coeur\/","title":{"rendered":"Paquet de soins \u00e0 la lavande avec savon en forme de coeur"},"content":{"rendered":"","protected":false},"excerpt":{"rendered":"<p>Pour ce paquet de soins \u00e0 la lavande, nous avons choisi pour vous notre gel douche et notre shampoing \u00e0 la lavande, compl\u00e9t\u00e9s par une serviette Trapp. \u00e0 torsion z\u00e9ro et une flanelle Trapp. \u00e0 torsion z\u00e9ro. Le savon artisanal c\u0153ur de rose \u00e0 l&rsquo;aloe vera \u00e9gaye le paquet.<\/p>\n<p>Nous avons rassembl\u00e9 le tout dans une jolie bo\u00eete noire<\/p>\n","protected":false},"featured_media":14606,"comment_status":"open","ping_status":"closed","template":"","meta":[],"product_brand":[],"product_cat":[143,109,96,112],"product_tag":[],"class_list":{"0":"post-14618","1":"product","2":"type-product","3":"status-publish","4":"has-post-thumbnail","6":"product_cat-cadeaux","7":"product_cat-gant-de-toilette","8":"product_cat-savon","9":"product_cat-serviettes","11":"first","12":"instock","13":"taxable","14":"shipping-taxable","15":"purchasable","16":"product-type-simple"},"_links":{"self":[{"href":"https:\/\/trapp.be\/fr\/wp-json\/wp\/v2\/product\/14618","targetHints":{"allow":["GET"]}}],"collection":[{"href":"https:\/\/trapp.be\/fr\/wp-json\/wp\/v2\/product"}],"about":[{"href":"https:\/\/trapp.be\/fr\/wp-json\/wp\/v2\/types\/product"}],"replies":[{"embeddable":true,"href":"https:\/\/trapp.be\/fr\/wp-json\/wp\/v2\/comments?post=14618"}],"wp:featuredmedia":[{"embeddable":true,"href":"https:\/\/trapp.be\/fr\/wp-json\/wp\/v2\/media\/14606"}],"wp:attachment":[{"href":"https:\/\/trapp.be\/fr\/wp-json\/wp\/v2\/media?parent=14618"}],"wp:term":[{"taxonomy":"product_brand","embeddable":true,"href":"https:\/\/trapp.be\/fr\/wp-json\/wp\/v2\/product_brand?post=14618"},{"taxonomy":"product_cat","embeddable":true,"href":"https:\/\/trapp.be\/fr\/wp-json\/wp\/v2\/product_cat?post=14618"},{"taxonomy":"product_tag","embeddable":true,"href":"https:\/\/trapp.be\/fr\/wp-json\/wp\/v2\/product_tag?post=14618"}],"curies":[{"name":"wp","href":"https:\/\/api.w.org\/{rel}","templated":true}]}}