{"id":14601,"date":"2023-03-31T13:46:30","date_gmt":"2023-03-31T12:46:30","guid":{"rendered":"https:\/\/trapp.be\/product\/corbeille-en-gazon-de-mer\/"},"modified":"2024-12-11T09:55:36","modified_gmt":"2024-12-11T08:55:36","slug":"corbeille-en-gazon-de-mer","status":"publish","type":"product","link":"https:\/\/trapp.be\/fr\/produit\/corbeille-en-gazon-de-mer\/","title":{"rendered":"Corbeille en gazon de mer"},"content":{"rendered":"","protected":false},"excerpt":{"rendered":"<p>Nous avons rempli ce petit panier fait d&rsquo;herbe de mer naturelle pour vous avec un gel douche \u00e0 la lavande et un savon \u00e0 main surmont\u00e9 d&rsquo;une flanelle Trapp.beige \u00e0 torsion nulle. Le savon artisanal \u00e0 la glyc\u00e9rine en forme de c\u0153ur de rose \u00e0 l&rsquo;alo\u00e8s-vera vient \u00e9gayer le petit paquet..<\/p>\n","protected":false},"featured_media":14593,"comment_status":"open","ping_status":"closed","template":"","meta":[],"product_brand":[],"product_cat":[143,119],"product_tag":[],"class_list":{"0":"post-14601","1":"product","2":"type-product","3":"status-publish","4":"has-post-thumbnail","6":"product_cat-cadeaux","7":"product_cat-lavande","9":"first","10":"instock","11":"taxable","12":"shipping-taxable","13":"purchasable","14":"product-type-simple"},"_links":{"self":[{"href":"https:\/\/trapp.be\/fr\/wp-json\/wp\/v2\/product\/14601","targetHints":{"allow":["GET"]}}],"collection":[{"href":"https:\/\/trapp.be\/fr\/wp-json\/wp\/v2\/product"}],"about":[{"href":"https:\/\/trapp.be\/fr\/wp-json\/wp\/v2\/types\/product"}],"replies":[{"embeddable":true,"href":"https:\/\/trapp.be\/fr\/wp-json\/wp\/v2\/comments?post=14601"}],"wp:featuredmedia":[{"embeddable":true,"href":"https:\/\/trapp.be\/fr\/wp-json\/wp\/v2\/media\/14593"}],"wp:attachment":[{"href":"https:\/\/trapp.be\/fr\/wp-json\/wp\/v2\/media?parent=14601"}],"wp:term":[{"taxonomy":"product_brand","embeddable":true,"href":"https:\/\/trapp.be\/fr\/wp-json\/wp\/v2\/product_brand?post=14601"},{"taxonomy":"product_cat","embeddable":true,"href":"https:\/\/trapp.be\/fr\/wp-json\/wp\/v2\/product_cat?post=14601"},{"taxonomy":"product_tag","embeddable":true,"href":"https:\/\/trapp.be\/fr\/wp-json\/wp\/v2\/product_tag?post=14601"}],"curies":[{"name":"wp","href":"https:\/\/api.w.org\/{rel}","templated":true}]}}