{"id":14586,"date":"2023-03-29T10:29:20","date_gmt":"2022-12-11T15:59:20","guid":{"rendered":"https:\/\/trapp.be\/product\/lavender-gift-case\/"},"modified":"2023-07-14T19:11:06","modified_gmt":"2023-07-14T18:11:06","slug":"coffret-cadeau-a-la-lavande","status":"publish","type":"product","link":"https:\/\/trapp.be\/fr\/produit\/coffret-cadeau-a-la-lavande\/","title":{"rendered":"Coffret cadeau \u00e0 la lavande"},"content":{"rendered":"<p>La lavande est une plante populaire et b\u00e9n\u00e9fique. Cette plante d&rsquo;origine m\u00e9diterran\u00e9enne se trouve depuis des si\u00e8cles dans les jardins d&rsquo;herbes monastiques. Entre-temps, la lavande est tr\u00e8s r\u00e9pandue dans notre r\u00e9gion. La lavande a un parfum agr\u00e9able et beaucoup appr\u00e9cient la couleur violette de ses fleurs. Traditionnellement, le parfum de la lavande est connu pour avoir un effet calmant et apaisant sur l&rsquo;homme. Les vitamines, les min\u00e9raux et les prot\u00e9ines contenus dans l&rsquo;huile de lavande peuvent renforcer les cheveux et avoir un effet apaisant sur la peau.<\/p>\n","protected":false},"excerpt":{"rendered":"<p>Ce coffret Lavande vous fait d\u00e9couvrir notre gel douche Lavande, notre shampoing Lavande et notre lait corporel Lavande.<br \/>\nLe parfum des champs de lavande proven\u00e7aux de nos fr\u00e8res d&rsquo;Aiguebelle entrera directement dans votre maison.<\/p>\n<p>Le tout emball\u00e9 dans une simple bo\u00eete en bois.<br \/>\nUn beau cadeau \u00e0 offrir et \u00e0 recevoir.<\/p>\n","protected":false},"featured_media":6804,"comment_status":"open","ping_status":"closed","template":"","meta":[],"product_brand":[],"product_cat":[143,119],"product_tag":[],"class_list":{"0":"post-14586","1":"product","2":"type-product","3":"status-publish","4":"has-post-thumbnail","6":"product_cat-cadeaux","7":"product_cat-lavande","9":"first","10":"instock","11":"taxable","12":"shipping-taxable","13":"purchasable","14":"product-type-simple"},"_links":{"self":[{"href":"https:\/\/trapp.be\/fr\/wp-json\/wp\/v2\/product\/14586","targetHints":{"allow":["GET"]}}],"collection":[{"href":"https:\/\/trapp.be\/fr\/wp-json\/wp\/v2\/product"}],"about":[{"href":"https:\/\/trapp.be\/fr\/wp-json\/wp\/v2\/types\/product"}],"replies":[{"embeddable":true,"href":"https:\/\/trapp.be\/fr\/wp-json\/wp\/v2\/comments?post=14586"}],"wp:featuredmedia":[{"embeddable":true,"href":"https:\/\/trapp.be\/fr\/wp-json\/wp\/v2\/media\/6804"}],"wp:attachment":[{"href":"https:\/\/trapp.be\/fr\/wp-json\/wp\/v2\/media?parent=14586"}],"wp:term":[{"taxonomy":"product_brand","embeddable":true,"href":"https:\/\/trapp.be\/fr\/wp-json\/wp\/v2\/product_brand?post=14586"},{"taxonomy":"product_cat","embeddable":true,"href":"https:\/\/trapp.be\/fr\/wp-json\/wp\/v2\/product_cat?post=14586"},{"taxonomy":"product_tag","embeddable":true,"href":"https:\/\/trapp.be\/fr\/wp-json\/wp\/v2\/product_tag?post=14586"}],"curies":[{"name":"wp","href":"https:\/\/api.w.org\/{rel}","templated":true}]}}