{"id":14576,"date":"2023-03-30T11:50:55","date_gmt":"2020-11-22T17:59:55","guid":{"rendered":"https:\/\/trapp.be\/product\/corbeille-provencale\/"},"modified":"2023-07-14T19:03:39","modified_gmt":"2023-07-14T18:03:39","slug":"corbeille-provencale","status":"publish","type":"product","link":"https:\/\/trapp.be\/fr\/produit\/corbeille-provencale\/","title":{"rendered":"corbeille proven\u00e7ale"},"content":{"rendered":"","protected":false},"excerpt":{"rendered":"<p>Dans le panier cadeau Provence que nous avons compos\u00e9 pour vous, vous trouverez notre shampoing, gel douche et savon \u00e0 main \u00e0 la lavande ainsi qu&rsquo;un savon artisanal naturel \u00e0 la lavande. Le tout est compl\u00e9t\u00e9 par une serviette d&rsquo;invit\u00e9 Trapp.zero-twist de couleur argent\u00e9e. Ces produits contiennent de l&rsquo;huile essentielle provenant des champs de lavande de nos fr\u00e8res trappistes de l&rsquo;abbaye Notre-Dame d&rsquo;Aiguebelle en Provence.<\/p>\n<p>Le tout r\u00e9uni pour vous dans une corbeille \u00e0 ruban noir.<\/p>\n","protected":false},"featured_media":14572,"comment_status":"open","ping_status":"closed","template":"","meta":[],"product_brand":[],"product_cat":[143,119],"product_tag":[],"class_list":{"0":"post-14576","1":"product","2":"type-product","3":"status-publish","4":"has-post-thumbnail","6":"product_cat-cadeaux","7":"product_cat-lavande","9":"first","10":"instock","11":"taxable","12":"shipping-taxable","13":"purchasable","14":"product-type-simple"},"_links":{"self":[{"href":"https:\/\/trapp.be\/fr\/wp-json\/wp\/v2\/product\/14576","targetHints":{"allow":["GET"]}}],"collection":[{"href":"https:\/\/trapp.be\/fr\/wp-json\/wp\/v2\/product"}],"about":[{"href":"https:\/\/trapp.be\/fr\/wp-json\/wp\/v2\/types\/product"}],"replies":[{"embeddable":true,"href":"https:\/\/trapp.be\/fr\/wp-json\/wp\/v2\/comments?post=14576"}],"wp:featuredmedia":[{"embeddable":true,"href":"https:\/\/trapp.be\/fr\/wp-json\/wp\/v2\/media\/14572"}],"wp:attachment":[{"href":"https:\/\/trapp.be\/fr\/wp-json\/wp\/v2\/media?parent=14576"}],"wp:term":[{"taxonomy":"product_brand","embeddable":true,"href":"https:\/\/trapp.be\/fr\/wp-json\/wp\/v2\/product_brand?post=14576"},{"taxonomy":"product_cat","embeddable":true,"href":"https:\/\/trapp.be\/fr\/wp-json\/wp\/v2\/product_cat?post=14576"},{"taxonomy":"product_tag","embeddable":true,"href":"https:\/\/trapp.be\/fr\/wp-json\/wp\/v2\/product_tag?post=14576"}],"curies":[{"name":"wp","href":"https:\/\/api.w.org\/{rel}","templated":true}]}}