{"id":14568,"date":"2023-03-31T09:33:56","date_gmt":"2023-03-31T08:33:56","guid":{"rendered":"https:\/\/trapp.be\/product\/panier-cadeau-aloe-vera\/"},"modified":"2025-12-05T19:03:41","modified_gmt":"2025-12-05T18:03:41","slug":"panier-cadeau-aloe-vera","status":"publish","type":"product","link":"https:\/\/trapp.be\/fr\/produit\/panier-cadeau-aloe-vera\/","title":{"rendered":"Panier cadeau Aloe-Vera"},"content":{"rendered":"","protected":false},"excerpt":{"rendered":"<p>Un cadeau original \u00e0 offrir et encore plus original \u00e0 recevoir !<br \/>\nNous avons choisi pour ce cadeau un gel douche \u00e0 l&rsquo;aloe vera, un shampoing \u00e0 l&rsquo;aloe vera, un savon artisanal naturel \u00e0 l&rsquo;aloe vera et une flanelle Trapp.zero twist \u00e9crue assortie. Le tout est emball\u00e9 dans une petite corbeille en ruban.<\/p>\n","protected":false},"featured_media":14561,"comment_status":"open","ping_status":"closed","template":"","meta":[],"product_brand":[],"product_cat":[100,143],"product_tag":[],"class_list":{"0":"post-14568","1":"product","2":"type-product","3":"status-publish","4":"has-post-thumbnail","6":"product_cat-aloe-vera-fr","7":"product_cat-cadeaux","9":"first","10":"outofstock","11":"taxable","12":"shipping-taxable","13":"purchasable","14":"product-type-simple"},"_links":{"self":[{"href":"https:\/\/trapp.be\/fr\/wp-json\/wp\/v2\/product\/14568","targetHints":{"allow":["GET"]}}],"collection":[{"href":"https:\/\/trapp.be\/fr\/wp-json\/wp\/v2\/product"}],"about":[{"href":"https:\/\/trapp.be\/fr\/wp-json\/wp\/v2\/types\/product"}],"replies":[{"embeddable":true,"href":"https:\/\/trapp.be\/fr\/wp-json\/wp\/v2\/comments?post=14568"}],"wp:featuredmedia":[{"embeddable":true,"href":"https:\/\/trapp.be\/fr\/wp-json\/wp\/v2\/media\/14561"}],"wp:attachment":[{"href":"https:\/\/trapp.be\/fr\/wp-json\/wp\/v2\/media?parent=14568"}],"wp:term":[{"taxonomy":"product_brand","embeddable":true,"href":"https:\/\/trapp.be\/fr\/wp-json\/wp\/v2\/product_brand?post=14568"},{"taxonomy":"product_cat","embeddable":true,"href":"https:\/\/trapp.be\/fr\/wp-json\/wp\/v2\/product_cat?post=14568"},{"taxonomy":"product_tag","embeddable":true,"href":"https:\/\/trapp.be\/fr\/wp-json\/wp\/v2\/product_tag?post=14568"}],"curies":[{"name":"wp","href":"https:\/\/api.w.org\/{rel}","templated":true}]}}