{"id":14104,"date":"2022-12-12T16:14:54","date_gmt":"2022-12-12T14:14:54","guid":{"rendered":"https:\/\/trapp.be\/product\/boite-cadeau-pour-gel-douche-trapp\/"},"modified":"2023-07-14T19:25:19","modified_gmt":"2023-07-14T18:25:19","slug":"boite-cadeau-pour-gel-douche-trapp","status":"publish","type":"product","link":"https:\/\/trapp.be\/fr\/produit\/boite-cadeau-pour-gel-douche-trapp\/","title":{"rendered":"Bo\u00eete cadeau pour gel douche TRAPP."},"content":{"rendered":"<p>gel douche lavande, aloe-vera et bruy\u00e8re.<\/p>\n","protected":false},"excerpt":{"rendered":"<p>D\u00e9couvrez notre gamme de gels douche r\u00e9unis dans un coffret cadeau.<br \/>\nCe cadeau contient un gel douche \u00e0 la lavande, \u00e0 l&rsquo;aloe vera et \u00e0 la bruy\u00e8re.<\/p>\n<p>Le tout emball\u00e9 dans une bo\u00eete de f\u00eate.<br \/>\nUn beau cadeau \u00e0 offrir et \u00e0 recevoir.<\/p>\n","protected":false},"featured_media":13873,"comment_status":"open","ping_status":"closed","template":"","meta":[],"product_brand":[],"product_cat":[143],"product_tag":[],"class_list":{"0":"post-14104","1":"product","2":"type-product","3":"status-publish","4":"has-post-thumbnail","6":"product_cat-cadeaux","8":"first","9":"instock","10":"taxable","11":"shipping-taxable","12":"purchasable","13":"product-type-simple"},"_links":{"self":[{"href":"https:\/\/trapp.be\/fr\/wp-json\/wp\/v2\/product\/14104","targetHints":{"allow":["GET"]}}],"collection":[{"href":"https:\/\/trapp.be\/fr\/wp-json\/wp\/v2\/product"}],"about":[{"href":"https:\/\/trapp.be\/fr\/wp-json\/wp\/v2\/types\/product"}],"replies":[{"embeddable":true,"href":"https:\/\/trapp.be\/fr\/wp-json\/wp\/v2\/comments?post=14104"}],"wp:featuredmedia":[{"embeddable":true,"href":"https:\/\/trapp.be\/fr\/wp-json\/wp\/v2\/media\/13873"}],"wp:attachment":[{"href":"https:\/\/trapp.be\/fr\/wp-json\/wp\/v2\/media?parent=14104"}],"wp:term":[{"taxonomy":"product_brand","embeddable":true,"href":"https:\/\/trapp.be\/fr\/wp-json\/wp\/v2\/product_brand?post=14104"},{"taxonomy":"product_cat","embeddable":true,"href":"https:\/\/trapp.be\/fr\/wp-json\/wp\/v2\/product_cat?post=14104"},{"taxonomy":"product_tag","embeddable":true,"href":"https:\/\/trapp.be\/fr\/wp-json\/wp\/v2\/product_tag?post=14104"}],"curies":[{"name":"wp","href":"https:\/\/api.w.org\/{rel}","templated":true}]}}