{"id":14098,"date":"2022-12-12T16:26:46","date_gmt":"2022-12-12T14:26:46","guid":{"rendered":"https:\/\/trapp.be\/product\/trapp-boite-cadeau-bodylotion\/"},"modified":"2023-07-14T19:24:59","modified_gmt":"2023-07-14T18:24:59","slug":"trapp-boite-cadeau-bodylotion","status":"publish","type":"product","link":"https:\/\/trapp.be\/fr\/produit\/trapp-boite-cadeau-bodylotion\/","title":{"rendered":"TRAPP. bo\u00eete-cadeau bodylotion"},"content":{"rendered":"<p>Lait double pour le corps \u00e0 la lavande, \u00e0 l&rsquo;alo\u00e8s-vera et au Wesmalle.<\/p>\n","protected":false},"excerpt":{"rendered":"<p>D\u00e9couvrez notre gamme de lotions pour le corps r\u00e9unies dans un coffret cadeau.<br \/>\nCe cadeau contient de la lavande, de l&rsquo;aloe vera et du lait double pour le corps Westmalle.<\/p>\n<p>Tous emball\u00e9s ensemble dans une bo\u00eete de f\u00eate.<br \/>\nUn beau cadeau \u00e0 offrir et \u00e0 recevoir.<\/p>\n","protected":false},"featured_media":13878,"comment_status":"open","ping_status":"closed","template":"","meta":[],"product_brand":[],"product_cat":[143],"product_tag":[],"class_list":{"0":"post-14098","1":"product","2":"type-product","3":"status-publish","4":"has-post-thumbnail","6":"product_cat-cadeaux","8":"first","9":"instock","10":"taxable","11":"shipping-taxable","12":"purchasable","13":"product-type-simple"},"_links":{"self":[{"href":"https:\/\/trapp.be\/fr\/wp-json\/wp\/v2\/product\/14098","targetHints":{"allow":["GET"]}}],"collection":[{"href":"https:\/\/trapp.be\/fr\/wp-json\/wp\/v2\/product"}],"about":[{"href":"https:\/\/trapp.be\/fr\/wp-json\/wp\/v2\/types\/product"}],"replies":[{"embeddable":true,"href":"https:\/\/trapp.be\/fr\/wp-json\/wp\/v2\/comments?post=14098"}],"wp:featuredmedia":[{"embeddable":true,"href":"https:\/\/trapp.be\/fr\/wp-json\/wp\/v2\/media\/13878"}],"wp:attachment":[{"href":"https:\/\/trapp.be\/fr\/wp-json\/wp\/v2\/media?parent=14098"}],"wp:term":[{"taxonomy":"product_brand","embeddable":true,"href":"https:\/\/trapp.be\/fr\/wp-json\/wp\/v2\/product_brand?post=14098"},{"taxonomy":"product_cat","embeddable":true,"href":"https:\/\/trapp.be\/fr\/wp-json\/wp\/v2\/product_cat?post=14098"},{"taxonomy":"product_tag","embeddable":true,"href":"https:\/\/trapp.be\/fr\/wp-json\/wp\/v2\/product_tag?post=14098"}],"curies":[{"name":"wp","href":"https:\/\/api.w.org\/{rel}","templated":true}]}}