{"id":13849,"date":"2022-12-12T15:57:44","date_gmt":"2022-12-12T13:57:44","guid":{"rendered":"https:\/\/trapp.be\/?post_type=product&#038;p=13849"},"modified":"2023-07-14T19:26:27","modified_gmt":"2023-07-14T18:26:27","slug":"coffret-cadeau-lavande-2","status":"publish","type":"product","link":"https:\/\/trapp.be\/fr\/produit\/coffret-cadeau-lavande-2\/","title":{"rendered":"Coffret cadeau Lavande"},"content":{"rendered":"<p>gel douche \u00e0 la lavande 250 ml,<br \/>\nshampooing \u00e0 la lavande 250 ml,<br \/>\nlait corporel \u00e0 la lavande 250 ml,<br \/>\nsavon liquide \u00e0 la lavande 300 ml,<br \/>\nsavon naturel \u00e0 la lavande 90 gr<br \/>\nsavon naturel \u00e0 la lavande et au lait de jument 90 gr.<br \/>\ncoffret d\u00e9coratif<\/p>\n","protected":false},"excerpt":{"rendered":"<p>Vous \u00eates curieux de conna\u00eetre notre gamme Lavande, comment elle sent ?<br \/>\nCeci est peut-\u00eatre quelque chose pour vous !<\/p>\n<p>Avec ce coffret cadeau \u00e0 la lavande, nous vous pr\u00e9sentons notre gamme de lavande.<br \/>\nCe coffret contient un gel douche \u00e0 la lavande, un shampoing \u00e0 la lavande, une lotion corporelle \u00e0 la lavande, un savon liquide \u00e0 la lavande et deux savons naturels, l&rsquo;un \u00e0 la lavande et l&rsquo;autre \u00e0 la lavande et au lait de jument.<br \/>\nTout cela est rassembl\u00e9 dans un coffret en\u00a0 simple et \u00e9l\u00e9gante.<\/p>\n<p>Si vous cherchez un cadeau original, ce coffret est fait pour vous.<br \/>\nL&rsquo;odeur des champs proven\u00e7aux entrera dans votre vie !<\/p>\n","protected":false},"featured_media":13852,"comment_status":"open","ping_status":"closed","template":"","meta":[],"product_brand":[],"product_cat":[143,119],"product_tag":[],"class_list":{"0":"post-13849","1":"product","2":"type-product","3":"status-publish","4":"has-post-thumbnail","6":"product_cat-cadeaux","7":"product_cat-lavande","9":"first","10":"instock","11":"taxable","12":"shipping-taxable","13":"purchasable","14":"product-type-simple"},"_links":{"self":[{"href":"https:\/\/trapp.be\/fr\/wp-json\/wp\/v2\/product\/13849","targetHints":{"allow":["GET"]}}],"collection":[{"href":"https:\/\/trapp.be\/fr\/wp-json\/wp\/v2\/product"}],"about":[{"href":"https:\/\/trapp.be\/fr\/wp-json\/wp\/v2\/types\/product"}],"replies":[{"embeddable":true,"href":"https:\/\/trapp.be\/fr\/wp-json\/wp\/v2\/comments?post=13849"}],"wp:featuredmedia":[{"embeddable":true,"href":"https:\/\/trapp.be\/fr\/wp-json\/wp\/v2\/media\/13852"}],"wp:attachment":[{"href":"https:\/\/trapp.be\/fr\/wp-json\/wp\/v2\/media?parent=13849"}],"wp:term":[{"taxonomy":"product_brand","embeddable":true,"href":"https:\/\/trapp.be\/fr\/wp-json\/wp\/v2\/product_brand?post=13849"},{"taxonomy":"product_cat","embeddable":true,"href":"https:\/\/trapp.be\/fr\/wp-json\/wp\/v2\/product_cat?post=13849"},{"taxonomy":"product_tag","embeddable":true,"href":"https:\/\/trapp.be\/fr\/wp-json\/wp\/v2\/product_tag?post=13849"}],"curies":[{"name":"wp","href":"https:\/\/api.w.org\/{rel}","templated":true}]}}