{"id":13836,"date":"2022-12-12T16:05:18","date_gmt":"2022-12-12T15:05:18","guid":{"rendered":"https:\/\/trapp.be\/?post_type=product&#038;p=13836"},"modified":"2025-12-11T13:43:25","modified_gmt":"2025-12-11T12:43:25","slug":"coffret-cadeau-trappiste-2","status":"publish","type":"product","link":"https:\/\/trapp.be\/fr\/produit\/coffret-cadeau-trappiste-2\/","title":{"rendered":"Coffret cadeau trappiste"},"content":{"rendered":"<p>Ce coffret cadeau contient nos d\u00e9licieux produits \u00e0 base de bi\u00e8re trappiste Dubbel de Westmalle&#8230; qui comprend le shampooing, le gel douche, le savon pour les mains et la lotion pour le corps.<\/p>\n<p>Contenu<br \/>\nShampooing \u00e0 la bi\u00e8re trappiste, 250 ml<br \/>\nGel douche \u00e0 la bi\u00e8re trappiste, 250 ml<br \/>\nSavon liquide \u00e0 la bi\u00e8re trappiste, 250 ml<br \/>\nLotion corporelle \u00e0 le bi\u00e8re trappiste, 250 ml<br \/>\n1 coffret<\/p>\n","protected":false},"excerpt":{"rendered":"<p>Ce coffret cadeau trappiste contient nos nouveaux produits cosm\u00e9tiques \u00e0 la bi\u00e8re trappiste Dubbel de Westmalle, \u00e0 savoir un shampooing \u00e0 la bi\u00e8re trappiste, un gel douche \u00e0 la bi\u00e8re trappiste, un savon liquide \u00e0 la bi\u00e8re trappiste et un lait pour le corps \u00e0 la bi\u00e8re trappiste.<\/p>\n<p>Les produits, ont \u00e9t\u00e9 rassembl\u00e9s pour vous dans une simple bo\u00eete.<br \/>\nUn cadeau original et exquis pour les prochaines f\u00eates.<\/p>\n","protected":false},"featured_media":13839,"comment_status":"open","ping_status":"closed","template":"","meta":[],"product_brand":[],"product_cat":[143,87],"product_tag":[],"class_list":{"0":"post-13836","1":"product","2":"type-product","3":"status-publish","4":"has-post-thumbnail","6":"product_cat-cadeaux","7":"product_cat-ligne-de-biere","9":"first","10":"instock","11":"taxable","12":"shipping-taxable","13":"purchasable","14":"product-type-simple"},"_links":{"self":[{"href":"https:\/\/trapp.be\/fr\/wp-json\/wp\/v2\/product\/13836","targetHints":{"allow":["GET"]}}],"collection":[{"href":"https:\/\/trapp.be\/fr\/wp-json\/wp\/v2\/product"}],"about":[{"href":"https:\/\/trapp.be\/fr\/wp-json\/wp\/v2\/types\/product"}],"replies":[{"embeddable":true,"href":"https:\/\/trapp.be\/fr\/wp-json\/wp\/v2\/comments?post=13836"}],"wp:featuredmedia":[{"embeddable":true,"href":"https:\/\/trapp.be\/fr\/wp-json\/wp\/v2\/media\/13839"}],"wp:attachment":[{"href":"https:\/\/trapp.be\/fr\/wp-json\/wp\/v2\/media?parent=13836"}],"wp:term":[{"taxonomy":"product_brand","embeddable":true,"href":"https:\/\/trapp.be\/fr\/wp-json\/wp\/v2\/product_brand?post=13836"},{"taxonomy":"product_cat","embeddable":true,"href":"https:\/\/trapp.be\/fr\/wp-json\/wp\/v2\/product_cat?post=13836"},{"taxonomy":"product_tag","embeddable":true,"href":"https:\/\/trapp.be\/fr\/wp-json\/wp\/v2\/product_tag?post=13836"}],"curies":[{"name":"wp","href":"https:\/\/api.w.org\/{rel}","templated":true}]}}