{"id":13832,"date":"2023-03-29T10:31:59","date_gmt":"2023-03-29T09:31:59","guid":{"rendered":"https:\/\/trapp.be\/?post_type=product&#038;p=13832"},"modified":"2025-12-11T13:42:01","modified_gmt":"2025-12-11T12:42:01","slug":"westmalle-double-coffret-cadeau-kopie","status":"publish","type":"product","link":"https:\/\/trapp.be\/fr\/produit\/westmalle-double-coffret-cadeau-kopie\/","title":{"rendered":"Westmalle double coffret cadeau (kopie)"},"content":{"rendered":"<p>Avec ce cadeau Westmalle Dubbel, nous vous offrons nos trois produits de soin \u00e0 la bi\u00e8re, rassembl\u00e9s dans un coffret cadeau en bois.<\/p>\n<p>Le shampoing Westmalle Dubbel, gel douche Westmalle Dubbel et savon pour les mains Westmalle Dubbel ne peuvent manquer dans aucune salle de bain.<\/p>\n","protected":false},"excerpt":{"rendered":"<p>Avec ce cadeau Westmalle Dubbel, nous vous offrons nos trois produits de soin \u00e0 la bi\u00e8re, rassembl\u00e9s dans un coffret cadeau en bois.<\/p>\n<p>Le shampoing Westmalle Dubbel, gel douche Westmalle Dubbel et savon pour les mains Westmalle Dubbel ne peuvent manquer dans aucune salle de bain.<\/p>\n","protected":false},"featured_media":14535,"comment_status":"open","ping_status":"closed","template":"","meta":[],"product_brand":[],"product_cat":[143,87],"product_tag":[],"class_list":{"0":"post-13832","1":"product","2":"type-product","3":"status-publish","4":"has-post-thumbnail","6":"product_cat-cadeaux","7":"product_cat-ligne-de-biere","9":"first","10":"instock","11":"taxable","12":"shipping-taxable","13":"purchasable","14":"product-type-simple"},"_links":{"self":[{"href":"https:\/\/trapp.be\/fr\/wp-json\/wp\/v2\/product\/13832","targetHints":{"allow":["GET"]}}],"collection":[{"href":"https:\/\/trapp.be\/fr\/wp-json\/wp\/v2\/product"}],"about":[{"href":"https:\/\/trapp.be\/fr\/wp-json\/wp\/v2\/types\/product"}],"replies":[{"embeddable":true,"href":"https:\/\/trapp.be\/fr\/wp-json\/wp\/v2\/comments?post=13832"}],"wp:featuredmedia":[{"embeddable":true,"href":"https:\/\/trapp.be\/fr\/wp-json\/wp\/v2\/media\/14535"}],"wp:attachment":[{"href":"https:\/\/trapp.be\/fr\/wp-json\/wp\/v2\/media?parent=13832"}],"wp:term":[{"taxonomy":"product_brand","embeddable":true,"href":"https:\/\/trapp.be\/fr\/wp-json\/wp\/v2\/product_brand?post=13832"},{"taxonomy":"product_cat","embeddable":true,"href":"https:\/\/trapp.be\/fr\/wp-json\/wp\/v2\/product_cat?post=13832"},{"taxonomy":"product_tag","embeddable":true,"href":"https:\/\/trapp.be\/fr\/wp-json\/wp\/v2\/product_tag?post=13832"}],"curies":[{"name":"wp","href":"https:\/\/api.w.org\/{rel}","templated":true}]}}