{"id":11013,"date":"2023-03-29T10:30:55","date_gmt":"2021-11-29T14:59:55","guid":{"rendered":"https:\/\/trapp.be\/product\/coffret-cadeau-aloe-vera-2\/"},"modified":"2024-01-28T15:28:40","modified_gmt":"2024-01-28T14:28:40","slug":"coffret-cadeau-aloe-vera-2","status":"publish","type":"product","link":"https:\/\/trapp.be\/fr\/produit\/coffret-cadeau-aloe-vera-2\/","title":{"rendered":"Coffret cadeau Aloe-vera"},"content":{"rendered":"<p>Ce coffret cadeau Aloe-vera vous pr\u00e9sente notre gel douche \u00e0 l\u2019aloe-vera, shampoing \u00e0 l\u2019aloe-vera et lotion pour le corps \u00e0 l\u2019aloe-vera.<\/p>\n<p>Le tout est emball\u00e9 dans une simple bo\u00eete en bois.<\/p>\n<p>Un joli cadeau parfum\u00e9 \u00e0 offrir et \u00e0 recevoir.<\/p>\n","protected":false},"excerpt":{"rendered":"<p>Ce coffret cadeau Aloe-vera vous pr\u00e9sente notre gel douche \u00e0 l\u2019aloe-vera, shampoing \u00e0 l\u2019aloe-vera et lotion pour le corps \u00e0 l\u2019aloe-vera.<\/p>\n<p>Le tout est emball\u00e9 dans une simple bo\u00eete en bois.<\/p>\n<p>Un joli cadeau parfum\u00e9 \u00e0 offrir et \u00e0 recevoir.<\/p>\n","protected":false},"featured_media":10997,"comment_status":"open","ping_status":"closed","template":"","meta":[],"product_brand":[],"product_cat":[100,143],"product_tag":[],"class_list":{"0":"post-11013","1":"product","2":"type-product","3":"status-publish","4":"has-post-thumbnail","6":"product_cat-aloe-vera-fr","7":"product_cat-cadeaux","9":"first","10":"instock","11":"taxable","12":"shipping-taxable","13":"purchasable","14":"product-type-simple"},"_links":{"self":[{"href":"https:\/\/trapp.be\/fr\/wp-json\/wp\/v2\/product\/11013","targetHints":{"allow":["GET"]}}],"collection":[{"href":"https:\/\/trapp.be\/fr\/wp-json\/wp\/v2\/product"}],"about":[{"href":"https:\/\/trapp.be\/fr\/wp-json\/wp\/v2\/types\/product"}],"replies":[{"embeddable":true,"href":"https:\/\/trapp.be\/fr\/wp-json\/wp\/v2\/comments?post=11013"}],"wp:featuredmedia":[{"embeddable":true,"href":"https:\/\/trapp.be\/fr\/wp-json\/wp\/v2\/media\/10997"}],"wp:attachment":[{"href":"https:\/\/trapp.be\/fr\/wp-json\/wp\/v2\/media?parent=11013"}],"wp:term":[{"taxonomy":"product_brand","embeddable":true,"href":"https:\/\/trapp.be\/fr\/wp-json\/wp\/v2\/product_brand?post=11013"},{"taxonomy":"product_cat","embeddable":true,"href":"https:\/\/trapp.be\/fr\/wp-json\/wp\/v2\/product_cat?post=11013"},{"taxonomy":"product_tag","embeddable":true,"href":"https:\/\/trapp.be\/fr\/wp-json\/wp\/v2\/product_tag?post=11013"}],"curies":[{"name":"wp","href":"https:\/\/api.w.org\/{rel}","templated":true}]}}