{"id":10676,"date":"2021-11-29T16:03:03","date_gmt":"2021-11-29T15:03:03","guid":{"rendered":"https:\/\/trapp.be\/product\/set-bernardus\/"},"modified":"2025-12-06T05:48:00","modified_gmt":"2025-12-06T04:48:00","slug":"set-bernardus","status":"publish","type":"product","link":"https:\/\/trapp.be\/fr\/produit\/set-bernardus\/","title":{"rendered":"Set Bernardus"},"content":{"rendered":"<p>1 serviette de douche Trapp.<br \/>\n1 Trapp. gant de toilette<br \/>\ngel douche \u00e0 la bi\u00e8re trappiste, 250 ml.<\/p>\n<p>couleur de la serviette de douche : anthracite, argent, beige, \u00e9cru<\/p>\n","protected":false},"excerpt":{"rendered":"<p>Pour le set Bernardus, nous avons choisi une serviette de douche super douce avec un gant de toilette de la couleur oppos\u00e9e, compl\u00e9t\u00e9e par notre gel douche \u00e0 la bi\u00e8re trappiste.<\/p>\n<p>Prendre une douche devient un plaisir \u00e0 r\u00e9p\u00e9ter d\u2019innombrable fois !<\/p>\n","protected":false},"featured_media":14124,"comment_status":"open","ping_status":"closed","template":"","meta":[],"product_brand":[],"product_cat":[143,103],"product_tag":[],"class_list":{"0":"post-10676","1":"product","2":"type-product","3":"status-publish","4":"has-post-thumbnail","6":"product_cat-cadeaux","7":"product_cat-drap-de-douche","9":"first","10":"outofstock","11":"taxable","12":"shipping-taxable","13":"purchasable","14":"product-type-variable"},"_links":{"self":[{"href":"https:\/\/trapp.be\/fr\/wp-json\/wp\/v2\/product\/10676","targetHints":{"allow":["GET"]}}],"collection":[{"href":"https:\/\/trapp.be\/fr\/wp-json\/wp\/v2\/product"}],"about":[{"href":"https:\/\/trapp.be\/fr\/wp-json\/wp\/v2\/types\/product"}],"replies":[{"embeddable":true,"href":"https:\/\/trapp.be\/fr\/wp-json\/wp\/v2\/comments?post=10676"}],"wp:featuredmedia":[{"embeddable":true,"href":"https:\/\/trapp.be\/fr\/wp-json\/wp\/v2\/media\/14124"}],"wp:attachment":[{"href":"https:\/\/trapp.be\/fr\/wp-json\/wp\/v2\/media?parent=10676"}],"wp:term":[{"taxonomy":"product_brand","embeddable":true,"href":"https:\/\/trapp.be\/fr\/wp-json\/wp\/v2\/product_brand?post=10676"},{"taxonomy":"product_cat","embeddable":true,"href":"https:\/\/trapp.be\/fr\/wp-json\/wp\/v2\/product_cat?post=10676"},{"taxonomy":"product_tag","embeddable":true,"href":"https:\/\/trapp.be\/fr\/wp-json\/wp\/v2\/product_tag?post=10676"}],"curies":[{"name":"wp","href":"https:\/\/api.w.org\/{rel}","templated":true}]}}