{"id":10674,"date":"2023-03-29T10:33:11","date_gmt":"2021-03-12T15:43:11","guid":{"rendered":"https:\/\/trapp.be\/product\/coffret-cadeau-aloe-vera\/"},"modified":"2024-01-28T15:28:27","modified_gmt":"2024-01-28T14:28:27","slug":"coffret-cadeau-aloe-vera","status":"publish","type":"product","link":"https:\/\/trapp.be\/fr\/produit\/coffret-cadeau-aloe-vera\/","title":{"rendered":"Coffret cadeau Aloe Vera"},"content":{"rendered":"<p>gel douche \u00e0 l&rsquo;aloe vera, 250 ml<br \/>\nshampooing \u00e0 l&rsquo;aloe vera 250 ml,<br \/>\nlait pour le corps aloe-vera 250 ml,<br \/>\nsavon liquide aloe-vera 300 ml,<br \/>\nsavon naturel aloe-vera 90 gr,<br \/>\nsavon naturel \u00e0 l&rsquo;olive 90 gr,<br \/>\ncoffret d\u00e9coratif en bois<\/p>\n","protected":false},"excerpt":{"rendered":"<p>\u00cates-vous curieux de conna\u00eetre notre gamme d&rsquo;aloe-vera, comment elle se sent ?<br \/>\nCeci est peut-\u00eatre quelque chose pour vous !<\/p>\n<p>Si vous \u00eates \u00e0 la recherche d&rsquo;un cadeau original, ce coffret est un must.<br \/>\nAvec ce coffret cadeau aloe-vera, nous vous pr\u00e9sentons notre gamme d&rsquo;aloe-vera.<br \/>\nCe coffret contient un gel douche \u00e0 l&rsquo;aloe vera, un shampooing \u00e0 l&rsquo;aloe vera, une lotion pour le corps \u00e0 l&rsquo;aloe vera, un savon pour les mains \u00e0 l&rsquo;aloe vera et deux savons naturels, l\u2019un \u00e0 l&rsquo;aloe vera et l\u2019autre \u00e0 l&rsquo;huile d\u2019olive.<\/p>\n<p>Le tout est rassembl\u00e9 dans un coffret en bois simple et \u00e9l\u00e9gante.<br \/>\nLe parfum du printemps va entrer dans votre vie !<\/p>\n","protected":false},"featured_media":7957,"comment_status":"open","ping_status":"closed","template":"","meta":[],"product_brand":[],"product_cat":[100,143],"product_tag":[],"class_list":{"0":"post-10674","1":"product","2":"type-product","3":"status-publish","4":"has-post-thumbnail","6":"product_cat-aloe-vera-fr","7":"product_cat-cadeaux","9":"first","10":"instock","11":"taxable","12":"shipping-taxable","13":"purchasable","14":"product-type-simple"},"_links":{"self":[{"href":"https:\/\/trapp.be\/fr\/wp-json\/wp\/v2\/product\/10674","targetHints":{"allow":["GET"]}}],"collection":[{"href":"https:\/\/trapp.be\/fr\/wp-json\/wp\/v2\/product"}],"about":[{"href":"https:\/\/trapp.be\/fr\/wp-json\/wp\/v2\/types\/product"}],"replies":[{"embeddable":true,"href":"https:\/\/trapp.be\/fr\/wp-json\/wp\/v2\/comments?post=10674"}],"wp:featuredmedia":[{"embeddable":true,"href":"https:\/\/trapp.be\/fr\/wp-json\/wp\/v2\/media\/7957"}],"wp:attachment":[{"href":"https:\/\/trapp.be\/fr\/wp-json\/wp\/v2\/media?parent=10674"}],"wp:term":[{"taxonomy":"product_brand","embeddable":true,"href":"https:\/\/trapp.be\/fr\/wp-json\/wp\/v2\/product_brand?post=10674"},{"taxonomy":"product_cat","embeddable":true,"href":"https:\/\/trapp.be\/fr\/wp-json\/wp\/v2\/product_cat?post=10674"},{"taxonomy":"product_tag","embeddable":true,"href":"https:\/\/trapp.be\/fr\/wp-json\/wp\/v2\/product_tag?post=10674"}],"curies":[{"name":"wp","href":"https:\/\/api.w.org\/{rel}","templated":true}]}}