{"id":10267,"date":"2019-03-04T11:37:09","date_gmt":"2019-03-04T09:37:09","guid":{"rendered":"https:\/\/trapp.be\/product\/savon-de-vaisselle-eco-au-citron-5l\/"},"modified":"2023-07-14T19:43:08","modified_gmt":"2023-07-14T18:43:08","slug":"savon-de-vaisselle-eco-au-citron-5l","status":"publish","type":"product","link":"https:\/\/trapp.be\/fr\/produit\/savon-de-vaisselle-eco-au-citron-5l\/","title":{"rendered":"Savon de vaisselle Eco au citron &#8211; 5L"},"content":{"rendered":"<p>Les s\u0153urs trappistines de l\u2019Abbaye Notre-Dame de Nazareth \u00e0 Brecht ont commenc\u00e9 en 1964 une modeste savonnerie. TRAPP. est une ligne de savons et de produits d\u2019entretien artisanaux r\u00e9alis\u00e9s selon des recettes propres \u00e0 l\u2019Abbaye.<\/p>\n<p>TRAPP. a commenc\u00e9 avec la fabrication de produits de vaisselle. Ce savon de vaisselle parfum\u00e9 au citron qui d\u00e9graisse et nettoie, est \u00e9conomique \u00e0 l\u2019usage et doux pour les mains. Il est certifi\u00e9 Eco.<\/p>\n","protected":false},"excerpt":{"rendered":"<p>Les s\u0153urs trappistines de l\u2019Abbaye Notre-Dame de Nazareth \u00e0 Brecht ont commenc\u00e9 en 1964 une modeste savonnerie. TRAPP. est une ligne de savons et de produits d\u2019entretien artisanaux r\u00e9alis\u00e9s selon des recettes propres \u00e0 l\u2019Abbaye.<\/p>\n<p>TRAPP. a commenc\u00e9 avec la fabrication de produits de vaisselle. Ce savon de vaisselle parfum\u00e9 au citron qui d\u00e9graisse et nettoie, est \u00e9conomique \u00e0 l\u2019usage et doux pour les mains. Il est certifi\u00e9 Eco.<\/p>\n","protected":false},"featured_media":14735,"comment_status":"open","ping_status":"closed","template":"","meta":[],"product_brand":[],"product_cat":[127,129,95],"product_tag":[],"class_list":{"0":"post-10267","1":"product","2":"type-product","3":"status-publish","4":"has-post-thumbnail","6":"product_cat-agents-de-nettoyage","7":"product_cat-liquide-vaisselle","8":"product_cat-pack-de-recharge","10":"first","11":"instock","12":"taxable","13":"shipping-taxable","14":"purchasable","15":"product-type-simple"},"_links":{"self":[{"href":"https:\/\/trapp.be\/fr\/wp-json\/wp\/v2\/product\/10267","targetHints":{"allow":["GET"]}}],"collection":[{"href":"https:\/\/trapp.be\/fr\/wp-json\/wp\/v2\/product"}],"about":[{"href":"https:\/\/trapp.be\/fr\/wp-json\/wp\/v2\/types\/product"}],"replies":[{"embeddable":true,"href":"https:\/\/trapp.be\/fr\/wp-json\/wp\/v2\/comments?post=10267"}],"wp:featuredmedia":[{"embeddable":true,"href":"https:\/\/trapp.be\/fr\/wp-json\/wp\/v2\/media\/14735"}],"wp:attachment":[{"href":"https:\/\/trapp.be\/fr\/wp-json\/wp\/v2\/media?parent=10267"}],"wp:term":[{"taxonomy":"product_brand","embeddable":true,"href":"https:\/\/trapp.be\/fr\/wp-json\/wp\/v2\/product_brand?post=10267"},{"taxonomy":"product_cat","embeddable":true,"href":"https:\/\/trapp.be\/fr\/wp-json\/wp\/v2\/product_cat?post=10267"},{"taxonomy":"product_tag","embeddable":true,"href":"https:\/\/trapp.be\/fr\/wp-json\/wp\/v2\/product_tag?post=10267"}],"curies":[{"name":"wp","href":"https:\/\/api.w.org\/{rel}","templated":true}]}}