{"id":10261,"date":"2019-03-02T11:38:08","date_gmt":"2019-03-02T09:38:08","guid":{"rendered":"https:\/\/trapp.be\/product\/savon-pour-le-sol-a-la-lavande-1l\/"},"modified":"2023-07-14T19:43:59","modified_gmt":"2023-07-14T18:43:59","slug":"savon-pour-le-sol-a-la-lavande-1l","status":"publish","type":"product","link":"https:\/\/trapp.be\/fr\/produit\/savon-pour-le-sol-a-la-lavande-1l\/","title":{"rendered":"Savon pour le sol \u00e0 la lavande &#8211; 1L"},"content":{"rendered":"<p>Les s\u0153urs trappistines de l\u2019Abbaye Notre-Dame de Nazareth \u00e0 Brecht ont commenc\u00e9 en 1964 une modeste savonnerie. TRAPP. est une ligne de savons et de produits d\u2019entretien artisanaux r\u00e9alis\u00e9s selon des recettes propres \u00e0 l\u2019Abbaye.<br \/>\nTRAPP. a commenc\u00e9 avec la fabrication de produits de vaisselle et du savon pour le sol.<br \/>\nCe savon vert pour le sol, \u00e0 base d\u2019huiles v\u00e9g\u00e9tales, est l\u00e9g\u00e8rement parfum\u00e9 \u00e0 l\u2019huile essentielle de lavande des trappistes d\u2019Aiguebelle en Provence. Il nourrit et nettoie les sols en pierres naturelles.<br \/>\nUtilisation sugger\u00e9e : 1 bouchon\/seau<\/p>\n<p>&nbsp;<\/p>\n<p>TRAPP. a commenc\u00e9 avec la fabrication de produits de vaisselle et du savon pour le sol.<\/p>\n<p>Ce savon vert pour le sol, \u00e0 base d\u2019huiles v\u00e9g\u00e9tales, est l\u00e9g\u00e8rement parfum\u00e9 \u00e0 l\u2019huile essentielle de lavande des trappistes d\u2019Aiguebelle en Provence.\u00a0 Il nourrit et nettoie les sols en pierres naturelles.<\/p>\n<p>Utilisation sugger\u00e9e\u00a0: 1 bouchon\/seau<\/p>\n<p>&nbsp;<\/p>\n","protected":false},"excerpt":{"rendered":"<p>Les s\u0153urs trappistines de l\u2019Abbaye Notre-Dame de Nazareth \u00e0 Brecht ont commenc\u00e9 en 1964 une modeste savonnerie. TRAPP. est une ligne de savons et de produits d\u2019entretien artisanaux r\u00e9alis\u00e9s selon des recettes propres \u00e0 l\u2019Abbaye.<br \/>\nTRAPP. a commenc\u00e9 avec la fabrication de produits de vaisselle et du savon pour le sol.<br \/>\nCe savon vert pour le sol, \u00e0 base d\u2019huiles v\u00e9g\u00e9tales, est l\u00e9g\u00e8rement parfum\u00e9 \u00e0 l\u2019huile essentielle de lavande des trappistes d\u2019Aiguebelle en Provence. Il nourrit et nettoie les sols en pierres naturelles.<br \/>\nUtilisation sugger\u00e9e : 1 bouchon\/seau<\/p>\n<p>&nbsp;<\/p>\n","protected":false},"featured_media":14729,"comment_status":"open","ping_status":"closed","template":"","meta":[],"product_brand":[],"product_cat":[127,128],"product_tag":[],"class_list":{"0":"post-10261","1":"product","2":"type-product","3":"status-publish","4":"has-post-thumbnail","6":"product_cat-agents-de-nettoyage","7":"product_cat-savon-pour-le-sol","9":"first","10":"instock","11":"taxable","12":"shipping-taxable","13":"purchasable","14":"product-type-simple"},"_links":{"self":[{"href":"https:\/\/trapp.be\/fr\/wp-json\/wp\/v2\/product\/10261","targetHints":{"allow":["GET"]}}],"collection":[{"href":"https:\/\/trapp.be\/fr\/wp-json\/wp\/v2\/product"}],"about":[{"href":"https:\/\/trapp.be\/fr\/wp-json\/wp\/v2\/types\/product"}],"replies":[{"embeddable":true,"href":"https:\/\/trapp.be\/fr\/wp-json\/wp\/v2\/comments?post=10261"}],"wp:featuredmedia":[{"embeddable":true,"href":"https:\/\/trapp.be\/fr\/wp-json\/wp\/v2\/media\/14729"}],"wp:attachment":[{"href":"https:\/\/trapp.be\/fr\/wp-json\/wp\/v2\/media?parent=10261"}],"wp:term":[{"taxonomy":"product_brand","embeddable":true,"href":"https:\/\/trapp.be\/fr\/wp-json\/wp\/v2\/product_brand?post=10261"},{"taxonomy":"product_cat","embeddable":true,"href":"https:\/\/trapp.be\/fr\/wp-json\/wp\/v2\/product_cat?post=10261"},{"taxonomy":"product_tag","embeddable":true,"href":"https:\/\/trapp.be\/fr\/wp-json\/wp\/v2\/product_tag?post=10261"}],"curies":[{"name":"wp","href":"https:\/\/api.w.org\/{rel}","templated":true}]}}