{"id":10249,"date":"2019-10-10T10:19:55","date_gmt":"2019-11-08T08:33:55","guid":{"rendered":"https:\/\/trapp.be\/product\/pack-de-recharge-pour-gel-douche-lavande\/"},"modified":"2023-07-14T19:40:57","modified_gmt":"2023-07-14T18:40:57","slug":"pack-de-recharge-pour-gel-douche-lavande","status":"publish","type":"product","link":"https:\/\/trapp.be\/fr\/produit\/pack-de-recharge-pour-gel-douche-lavande\/","title":{"rendered":"Pack de recharge pour Gel douche Lavande"},"content":{"rendered":"<p>Les s\u0153urs trappistines de l\u2019Abbaye Notre-Dame de Nazareth \u00e0 Brecht ont commenc\u00e9 en 1964 une modeste savonnerie. TRAPP. est une ligne de savons et de produits d\u2019entretien artisanaux r\u00e9alis\u00e9s selon des recettes propres \u00e0 l\u2019Abbaye.<\/p>\n<p>La lavande pousse depuis toujours dans le jardin du monast\u00e8re. Ce gel douche \u00e0 l\u2019huile essentielle de lavande des trappistes d\u2019Aiguebelle en Provence est rafraichissant et convient \u00e0 tous types de peaux.<\/p>\n","protected":false},"excerpt":{"rendered":"<p>Les s\u0153urs trappistines de l\u2019Abbaye Notre-Dame de Nazareth \u00e0 Brecht ont commenc\u00e9 en 1964 une modeste savonnerie. TRAPP. est une ligne de savons et de produits d\u2019entretien artisanaux r\u00e9alis\u00e9s selon des recettes propres \u00e0 l\u2019Abbaye.<\/p>\n<p>La lavande pousse depuis toujours dans le jardin du monast\u00e8re. Ce gel douche \u00e0 l\u2019huile essentielle de lavande des trappistes d\u2019Aiguebelle en Provence est rafraichissant et convient \u00e0 tous types de peaux.<\/p>\n","protected":false},"featured_media":14688,"comment_status":"open","ping_status":"closed","template":"","meta":[],"product_brand":[],"product_cat":[90,119],"product_tag":[],"class_list":{"0":"post-10249","1":"product","2":"type-product","3":"status-publish","4":"has-post-thumbnail","6":"product_cat-gel-douche","7":"product_cat-lavande","9":"first","10":"instock","11":"taxable","12":"shipping-taxable","13":"purchasable","14":"product-type-simple"},"_links":{"self":[{"href":"https:\/\/trapp.be\/fr\/wp-json\/wp\/v2\/product\/10249","targetHints":{"allow":["GET"]}}],"collection":[{"href":"https:\/\/trapp.be\/fr\/wp-json\/wp\/v2\/product"}],"about":[{"href":"https:\/\/trapp.be\/fr\/wp-json\/wp\/v2\/types\/product"}],"replies":[{"embeddable":true,"href":"https:\/\/trapp.be\/fr\/wp-json\/wp\/v2\/comments?post=10249"}],"wp:featuredmedia":[{"embeddable":true,"href":"https:\/\/trapp.be\/fr\/wp-json\/wp\/v2\/media\/14688"}],"wp:attachment":[{"href":"https:\/\/trapp.be\/fr\/wp-json\/wp\/v2\/media?parent=10249"}],"wp:term":[{"taxonomy":"product_brand","embeddable":true,"href":"https:\/\/trapp.be\/fr\/wp-json\/wp\/v2\/product_brand?post=10249"},{"taxonomy":"product_cat","embeddable":true,"href":"https:\/\/trapp.be\/fr\/wp-json\/wp\/v2\/product_cat?post=10249"},{"taxonomy":"product_tag","embeddable":true,"href":"https:\/\/trapp.be\/fr\/wp-json\/wp\/v2\/product_tag?post=10249"}],"curies":[{"name":"wp","href":"https:\/\/api.w.org\/{rel}","templated":true}]}}