{"id":10245,"date":"2020-10-22T10:36:02","date_gmt":"2019-10-22T06:58:02","guid":{"rendered":"https:\/\/trapp.be\/product\/savon-a-la-lavande-au-lait-de-jument\/"},"modified":"2023-04-05T10:01:07","modified_gmt":"2023-04-05T09:01:07","slug":"savon-a-la-lavande-au-lait-de-jument","status":"publish","type":"product","link":"https:\/\/trapp.be\/fr\/produit\/savon-a-la-lavande-au-lait-de-jument\/","title":{"rendered":"Savon \u00e0 la lavande au lait de jument"},"content":{"rendered":"<p>Les s\u0153urs trappistines de l\u2019Abbaye Notre-Dame de Nazareth \u00e0 Brecht ont commenc\u00e9 en 1964 une modeste savonnerie. TRAPP. est une ligne de savons et de produits d\u2019entretien artisanaux r\u00e9alis\u00e9s selon des recettes propres \u00e0 l\u2019Abbaye.<\/p>\n<p>La lavande pousse depuis toujours dans le jardin du monast\u00e8re. Ce morceau de savon fait main au lait de jument et \u00e0 l\u2019huile essentielle de lavande des trappistes d\u2019Aiguebelle en Provence est doux pour les peaux sensibles.<\/p>\n","protected":false},"excerpt":{"rendered":"<p>Les s\u0153urs trappistines de l\u2019Abbaye Notre-Dame de Nazareth \u00e0 Brecht ont commenc\u00e9 en 1964 une modeste savonnerie. TRAPP. est une ligne de savons et de produits d\u2019entretien artisanaux r\u00e9alis\u00e9s selon des recettes propres \u00e0 l\u2019Abbaye.<\/p>\n<p>La lavande pousse depuis toujours dans le jardin du monast\u00e8re. Ce morceau de savon fait main au lait de jument et \u00e0 l\u2019huile essentielle de lavande des trappistes d\u2019Aiguebelle en Provence est doux pour les peaux sensibles.<\/p>\n","protected":false},"featured_media":10239,"comment_status":"open","ping_status":"closed","template":"","meta":[],"product_brand":[],"product_cat":[119,96],"product_tag":[],"class_list":{"0":"post-10245","1":"product","2":"type-product","3":"status-publish","4":"has-post-thumbnail","6":"product_cat-lavande","7":"product_cat-savon","9":"first","10":"instock","11":"taxable","12":"shipping-taxable","13":"purchasable","14":"product-type-simple"},"_links":{"self":[{"href":"https:\/\/trapp.be\/fr\/wp-json\/wp\/v2\/product\/10245","targetHints":{"allow":["GET"]}}],"collection":[{"href":"https:\/\/trapp.be\/fr\/wp-json\/wp\/v2\/product"}],"about":[{"href":"https:\/\/trapp.be\/fr\/wp-json\/wp\/v2\/types\/product"}],"replies":[{"embeddable":true,"href":"https:\/\/trapp.be\/fr\/wp-json\/wp\/v2\/comments?post=10245"}],"wp:featuredmedia":[{"embeddable":true,"href":"https:\/\/trapp.be\/fr\/wp-json\/wp\/v2\/media\/10239"}],"wp:attachment":[{"href":"https:\/\/trapp.be\/fr\/wp-json\/wp\/v2\/media?parent=10245"}],"wp:term":[{"taxonomy":"product_brand","embeddable":true,"href":"https:\/\/trapp.be\/fr\/wp-json\/wp\/v2\/product_brand?post=10245"},{"taxonomy":"product_cat","embeddable":true,"href":"https:\/\/trapp.be\/fr\/wp-json\/wp\/v2\/product_cat?post=10245"},{"taxonomy":"product_tag","embeddable":true,"href":"https:\/\/trapp.be\/fr\/wp-json\/wp\/v2\/product_tag?post=10245"}],"curies":[{"name":"wp","href":"https:\/\/api.w.org\/{rel}","templated":true}]}}