{"id":10034,"date":"2023-04-01T07:04:02","date_gmt":"2021-07-01T17:59:02","guid":{"rendered":"https:\/\/trapp.be\/product\/trapp-gant-de-toilette\/"},"modified":"2024-12-11T10:15:53","modified_gmt":"2024-12-11T09:15:53","slug":"trapp-gant-de-toilette","status":"publish","type":"product","link":"https:\/\/trapp.be\/fr\/produit\/trapp-gant-de-toilette\/","title":{"rendered":"TRAPP. gant de toilette"},"content":{"rendered":"<p>D\u00e9couvrez nos gants de toilette Trapp. super douces et volumineuses !<\/p>\n<p>&nbsp;<\/p>\n<p>Ces gants de toilette 100 % coton de haute qualit\u00e9 sont parfaites pour les peaux sensibles car elles sont sans torsion (zero twist) et leurs longues boucles n&rsquo;ab\u00eement pas la peau et ne l&rsquo;irritent pas.<\/p>\n<p>&nbsp;<\/p>\n<p>Id\u00e9al \u00e0 utiliser en combinaison avec l&rsquo;un de nos d\u00e9licieux produits Trapp.<\/p>\n<p>&nbsp;<\/p>\n<p>500gr\/m\u00b2 &#8211; lavable \u00e0 60\u00b0.<\/p>\n<p>16 x 21 cm<\/p>\n<p>disponible en 4 couleurs diff\u00e9rentes<\/p>\n<p>&nbsp;<\/p>\n<p>Apr\u00e8s la fermeture de l&rsquo;atelier d\u2019ornements liturgiques, nous voulons reprendre le fil et ajouter du linge de bain \u00e0 notre gamme. \u00c0 partir de mai 2021, vous trouverez des gants de toilette, des serviettes pour invit\u00e9s, des serviettes et des draps de douche de haute qualit\u00e9 dans des couleurs vives dans notre magasin enti\u00e8rement r\u00e9nov\u00e9.<\/p>\n<p>Cette ligne de linge de bain de haute qualit\u00e9 compl\u00e8te la gamme existante de produits de soins avec de beaux tissus. Le textile TRAPP. est super doux et volumineux et id\u00e9al pour les peaux sensibles.\u00a0 Gr\u00e2ce \u00e0 sa qualit\u00e9 exceptionnelle sans torsion \u2013 zero twist, le linge de bain est tr\u00e8s doux au toucher, absorbe tr\u00e8s bien et les longues boucles droites (sans torsion) n&rsquo;irritent pas la peau.<\/p>\n","protected":false},"excerpt":{"rendered":"<p>D\u00e9couvrez nos gants de toilette Trapp. super douces et volumineuses !<\/p>\n<p>&nbsp;<\/p>\n<p>Ces gants de toilette 100 % coton de haute qualit\u00e9 sont parfaites pour les peaux sensibles car elles sont sans torsion (zero twist) et leurs longues boucles n&rsquo;ab\u00eement pas la peau et ne l&rsquo;irritent pas.<\/p>\n<p>&nbsp;<\/p>\n<p>Id\u00e9al \u00e0 utiliser en combinaison avec l&rsquo;un de nos d\u00e9licieux produits Trapp.<\/p>\n<p>&nbsp;<\/p>\n<p>500gr\/m\u00b2 &#8211; lavable \u00e0 60\u00b0.<\/p>\n<p>16 x 21 cm<\/p>\n<p>disponible en 4 couleurs diff\u00e9rentes<\/p>\n<p>&nbsp;<\/p>\n<p>Apr\u00e8s la fermeture de l&rsquo;atelier d\u2019ornements liturgiques, nous voulons reprendre le fil et ajouter du linge de bain \u00e0 notre gamme. \u00c0 partir de mai 2021, vous trouverez des gants de toilette, des serviettes pour invit\u00e9s, des serviettes et des draps de douche de haute qualit\u00e9 dans des couleurs vives dans notre magasin enti\u00e8rement r\u00e9nov\u00e9.<\/p>\n<p>Cette ligne de linge de bain de haute qualit\u00e9 compl\u00e8te la gamme existante de produits de soins avec de beaux tissus. Le textile TRAPP. est super doux et volumineux et id\u00e9al pour les peaux sensibles.\u00a0 Gr\u00e2ce \u00e0 sa qualit\u00e9 exceptionnelle sans torsion \u2013 zero twist, le linge de bain est tr\u00e8s doux au toucher, absorbe tr\u00e8s bien et les longues boucles droites (sans torsion) n&rsquo;irritent pas la peau.<\/p>\n","protected":false},"featured_media":10070,"comment_status":"open","ping_status":"closed","template":"","meta":[],"product_brand":[],"product_cat":[103,109],"product_tag":[],"class_list":{"0":"post-10034","1":"product","2":"type-product","3":"status-publish","4":"has-post-thumbnail","6":"product_cat-drap-de-douche","7":"product_cat-gant-de-toilette","9":"first","10":"instock","11":"taxable","12":"shipping-taxable","13":"purchasable","14":"product-type-variable"},"_links":{"self":[{"href":"https:\/\/trapp.be\/fr\/wp-json\/wp\/v2\/product\/10034","targetHints":{"allow":["GET"]}}],"collection":[{"href":"https:\/\/trapp.be\/fr\/wp-json\/wp\/v2\/product"}],"about":[{"href":"https:\/\/trapp.be\/fr\/wp-json\/wp\/v2\/types\/product"}],"replies":[{"embeddable":true,"href":"https:\/\/trapp.be\/fr\/wp-json\/wp\/v2\/comments?post=10034"}],"wp:featuredmedia":[{"embeddable":true,"href":"https:\/\/trapp.be\/fr\/wp-json\/wp\/v2\/media\/10070"}],"wp:attachment":[{"href":"https:\/\/trapp.be\/fr\/wp-json\/wp\/v2\/media?parent=10034"}],"wp:term":[{"taxonomy":"product_brand","embeddable":true,"href":"https:\/\/trapp.be\/fr\/wp-json\/wp\/v2\/product_brand?post=10034"},{"taxonomy":"product_cat","embeddable":true,"href":"https:\/\/trapp.be\/fr\/wp-json\/wp\/v2\/product_cat?post=10034"},{"taxonomy":"product_tag","embeddable":true,"href":"https:\/\/trapp.be\/fr\/wp-json\/wp\/v2\/product_tag?post=10034"}],"curies":[{"name":"wp","href":"https:\/\/api.w.org\/{rel}","templated":true}]}}