{"id":10001,"date":"2023-04-01T07:00:02","date_gmt":"2021-07-01T17:59:02","guid":{"rendered":"https:\/\/trapp.be\/product\/trapp-drap-de-douche\/"},"modified":"2024-12-11T10:03:32","modified_gmt":"2024-12-11T09:03:32","slug":"trapp-drap-de-douche","status":"publish","type":"product","link":"https:\/\/trapp.be\/fr\/produit\/trapp-drap-de-douche\/","title":{"rendered":"TRAPP. drap de douche"},"content":{"rendered":"<p>D\u00e9couvrez nos draps de douche Trapp. super doux et volumineux !<\/p>\n<p>&nbsp;<\/p>\n<p>Ces draps de douche 100 % coton de haute qualit\u00e9 sont \u00ab\u00a0zero twist\u00a0\u00bb, parfaites pour les peaux sensibles, car elles sont sans torsion (zero twist) et leurs longues boucles n&rsquo;affectent ni n&rsquo;irritent la peau.<\/p>\n<p>&nbsp;<\/p>\n<p>Id\u00e9al \u00e0 utiliser en combinaison avec l&rsquo;un de nos d\u00e9licieux produits Trapp.<\/p>\n<p>&nbsp;<\/p>\n<p>500gr\/m\u00b2 &#8211; lavable \u00e0 60\u00b0.<\/p>\n<p>&nbsp;<\/p>\n<p>68 x 140 cm<\/p>\n<p>&nbsp;<\/p>\n<p>disponible en 4 couleurs diff\u00e9rentes<\/p>\n<p>&nbsp;<\/p>\n<p>Apr\u00e8s la fermeture de l&rsquo;atelier d\u2019ornements liturgiques, nous voulons reprendre le fil et ajouter du linge de bain \u00e0 notre gamme. \u00c0 partir de mai 2021, vous trouverez des gants de toilette, des serviettes pour invit\u00e9s, des serviettes et des draps de douche de haute qualit\u00e9 dans des couleurs vives dans notre magasin enti\u00e8rement r\u00e9nov\u00e9.<\/p>\n<p>Cette ligne de linge de bain de haute qualit\u00e9 compl\u00e8te la gamme existante de produits de soins avec de beaux tissus. Le textile TRAPP. est super doux et volumineux et id\u00e9al pour les peaux sensibles.\u00a0 Gr\u00e2ce \u00e0 sa qualit\u00e9 exceptionnelle sans torsion \u2013 zero twist, le linge de bain est tr\u00e8s doux au toucher, absorbe tr\u00e8s bien et les longues boucles droites (sans torsion) n&rsquo;irritent pas la peau.<\/p>\n<p>&nbsp;<\/p>\n<p>contenu 1 drap de douche<\/p>\n<p>caract\u00e9ristiques 68 x 140 cm<\/p>\n<p>100% coton z\u00e9ro twist<\/p>\n<p>500 gr\/m\u00b2<\/p>\n<p>Lavage \u00e0 60\u00b0.<\/p>\n<p>Trapp. marque priv\u00e9e<\/p>\n<p>Couleur anthracite, argent (attention, photo couleur non repr\u00e9sentative), beige, \u00e9cru<\/p>\n","protected":false},"excerpt":{"rendered":"<p>D\u00e9couvrez nos draps de douche Trapp. super doux et volumineux !<\/p>\n<p>&nbsp;<\/p>\n<p>Ces draps de douche 100 % coton de haute qualit\u00e9 sont \u00ab\u00a0zero twist\u00a0\u00bb, parfaites pour les peaux sensibles, car elles sont sans torsion (zero twist) et leurs longues boucles n&rsquo;affectent ni n&rsquo;irritent la peau.<\/p>\n<p>&nbsp;<\/p>\n<p>Id\u00e9al \u00e0 utiliser en combinaison avec l&rsquo;un de nos d\u00e9licieux produits Trapp.<\/p>\n<p>&nbsp;<\/p>\n<p>500gr\/m\u00b2 &#8211; lavable \u00e0 60\u00b0.<\/p>\n<p>&nbsp;<\/p>\n<p>68 x 140 cm<\/p>\n<p>&nbsp;<\/p>\n<p>disponible en 4 couleurs diff\u00e9rentes<\/p>\n<p>&nbsp;<\/p>\n<p>Apr\u00e8s la fermeture de l&rsquo;atelier d\u2019ornements liturgiques, nous voulons reprendre le fil et ajouter du linge de bain \u00e0 notre gamme. \u00c0 partir de mai 2021, vous trouverez des gants de toilette, des serviettes pour invit\u00e9s, des serviettes et des draps de douche de haute qualit\u00e9 dans des couleurs vives dans notre magasin enti\u00e8rement r\u00e9nov\u00e9.<\/p>\n<p>Cette ligne de linge de bain de haute qualit\u00e9 compl\u00e8te la gamme existante de produits de soins avec de beaux tissus. Le textile TRAPP. est super doux et volumineux et id\u00e9al pour les peaux sensibles.\u00a0 Gr\u00e2ce \u00e0 sa qualit\u00e9 exceptionnelle sans torsion \u2013 zero twist, le linge de bain est tr\u00e8s doux au toucher, absorbe tr\u00e8s bien et les longues boucles droites (sans torsion) n&rsquo;irritent pas la peau.<\/p>\n<p>&nbsp;<\/p>\n<p>contenu 1 drap de douche<\/p>\n<p>caract\u00e9ristiques 68 x 140 cm<\/p>\n<p>100% coton z\u00e9ro twist<\/p>\n<p>500 gr\/m\u00b2<\/p>\n<p>Lavage \u00e0 60\u00b0.<\/p>\n<p>Trapp. marque priv\u00e9e<\/p>\n<p>Couleur anthracite, argent (attention, photo couleur non repr\u00e9sentative), beige, \u00e9cru<\/p>\n","protected":false},"featured_media":10002,"comment_status":"open","ping_status":"closed","template":"","meta":[],"product_brand":[],"product_cat":[103,104],"product_tag":[],"class_list":{"0":"post-10001","1":"product","2":"type-product","3":"status-publish","4":"has-post-thumbnail","6":"product_cat-drap-de-douche","7":"product_cat-linge-de-bain","9":"first","10":"instock","11":"taxable","12":"shipping-taxable","13":"purchasable","14":"product-type-variable"},"_links":{"self":[{"href":"https:\/\/trapp.be\/fr\/wp-json\/wp\/v2\/product\/10001","targetHints":{"allow":["GET"]}}],"collection":[{"href":"https:\/\/trapp.be\/fr\/wp-json\/wp\/v2\/product"}],"about":[{"href":"https:\/\/trapp.be\/fr\/wp-json\/wp\/v2\/types\/product"}],"replies":[{"embeddable":true,"href":"https:\/\/trapp.be\/fr\/wp-json\/wp\/v2\/comments?post=10001"}],"wp:featuredmedia":[{"embeddable":true,"href":"https:\/\/trapp.be\/fr\/wp-json\/wp\/v2\/media\/10002"}],"wp:attachment":[{"href":"https:\/\/trapp.be\/fr\/wp-json\/wp\/v2\/media?parent=10001"}],"wp:term":[{"taxonomy":"product_brand","embeddable":true,"href":"https:\/\/trapp.be\/fr\/wp-json\/wp\/v2\/product_brand?post=10001"},{"taxonomy":"product_cat","embeddable":true,"href":"https:\/\/trapp.be\/fr\/wp-json\/wp\/v2\/product_cat?post=10001"},{"taxonomy":"product_tag","embeddable":true,"href":"https:\/\/trapp.be\/fr\/wp-json\/wp\/v2\/product_tag?post=10001"}],"curies":[{"name":"wp","href":"https:\/\/api.w.org\/{rel}","templated":true}]}}