{"id":17105,"date":"2020-10-22T10:38:13","date_gmt":"2025-01-20T09:58:14","guid":{"rendered":"https:\/\/trapp.be\/?post_type=product&#038;p=17105"},"modified":"2025-01-20T11:56:31","modified_gmt":"2025-01-20T10:56:31","slug":"lavendelseife-kopie","status":"publish","type":"product","link":"https:\/\/trapp.be\/de\/produkt\/lavendelseife-kopie\/","title":{"rendered":"Trappistenbierseife"},"content":{"rendered":"<p>die Trappisten von Westmalle, die Nachbarn der Abtei Unserer Lieben Frau von Nazareth, brauen seit \u00fcber hundert Jahren Bier. Die Trappistenbierprodukte mit Westmalle Dubbel sind hervorragende Pflegeprodukte, angereichert mit Polyphenolen, Mineralien, Vitaminen und Spurenelementen aus dem Bier.<\/p>\n","protected":false},"excerpt":{"rendered":"<p>Dieses handgemachte St\u00fcck Seife mit Trappistenbier Dubbel aus Westmalle hat einen frischen Duft und enth\u00e4lt alle positiven Eigenschaften von Bier f\u00fcr Haut und Haar.<\/p>\n","protected":false},"featured_media":17109,"comment_status":"open","ping_status":"closed","template":"","meta":[],"product_brand":[],"product_cat":[97,82],"product_tag":[],"class_list":{"0":"post-17105","1":"product","2":"type-product","3":"status-publish","4":"has-post-thumbnail","6":"product_cat-seife","7":"product_cat-trappistenbierlinie","9":"first","10":"instock","11":"taxable","12":"shipping-taxable","13":"purchasable","14":"product-type-simple"},"_links":{"self":[{"href":"https:\/\/trapp.be\/de\/wp-json\/wp\/v2\/product\/17105","targetHints":{"allow":["GET"]}}],"collection":[{"href":"https:\/\/trapp.be\/de\/wp-json\/wp\/v2\/product"}],"about":[{"href":"https:\/\/trapp.be\/de\/wp-json\/wp\/v2\/types\/product"}],"replies":[{"embeddable":true,"href":"https:\/\/trapp.be\/de\/wp-json\/wp\/v2\/comments?post=17105"}],"wp:featuredmedia":[{"embeddable":true,"href":"https:\/\/trapp.be\/de\/wp-json\/wp\/v2\/media\/17109"}],"wp:attachment":[{"href":"https:\/\/trapp.be\/de\/wp-json\/wp\/v2\/media?parent=17105"}],"wp:term":[{"taxonomy":"product_brand","embeddable":true,"href":"https:\/\/trapp.be\/de\/wp-json\/wp\/v2\/product_brand?post=17105"},{"taxonomy":"product_cat","embeddable":true,"href":"https:\/\/trapp.be\/de\/wp-json\/wp\/v2\/product_cat?post=17105"},{"taxonomy":"product_tag","embeddable":true,"href":"https:\/\/trapp.be\/de\/wp-json\/wp\/v2\/product_tag?post=17105"}],"curies":[{"name":"wp","href":"https:\/\/api.w.org\/{rel}","templated":true}]}}