{"id":14619,"date":"2023-03-31T14:45:02","date_gmt":"2023-03-31T13:51:02","guid":{"rendered":"https:\/\/trapp.be\/product\/lavendel-pflegepaket-mit-herzseife\/"},"modified":"2023-07-14T19:01:56","modified_gmt":"2023-07-14T18:01:56","slug":"lavendel-pflegepaket-mit-herzseife","status":"publish","type":"product","link":"https:\/\/trapp.be\/de\/produkt\/lavendel-pflegepaket-mit-herzseife\/","title":{"rendered":"Lavendel-Pflegepaket mit Herzseife"},"content":{"rendered":"","protected":false},"excerpt":{"rendered":"<p>F\u00fcr dieses Lavendel-Pflegepaket haben wir f\u00fcr Sie unser Lavendel-Duschgel und Shampoo ausgew\u00e4hlt, erg\u00e4nzt durch ein drehfreies Trapp.-Handtuch und einen drehfreien Trapp.-Flanell. Die handwerklich hergestellte Rosenherzseife mit Aloe-Vera versch\u00f6nert das Paket.<\/p>\n<p>Wir haben alles in einer praktischen schwarzen Schachtel zusammengestellt<\/p>\n","protected":false},"featured_media":14607,"comment_status":"open","ping_status":"closed","template":"","meta":[],"product_brand":[],"product_cat":[110,144,113,97],"product_tag":[],"class_list":{"0":"post-14619","1":"product","2":"type-product","3":"status-publish","4":"has-post-thumbnail","6":"product_cat-flanell","7":"product_cat-geschenke","8":"product_cat-handtucher","9":"product_cat-seife","11":"first","12":"instock","13":"taxable","14":"shipping-taxable","15":"purchasable","16":"product-type-simple"},"_links":{"self":[{"href":"https:\/\/trapp.be\/de\/wp-json\/wp\/v2\/product\/14619","targetHints":{"allow":["GET"]}}],"collection":[{"href":"https:\/\/trapp.be\/de\/wp-json\/wp\/v2\/product"}],"about":[{"href":"https:\/\/trapp.be\/de\/wp-json\/wp\/v2\/types\/product"}],"replies":[{"embeddable":true,"href":"https:\/\/trapp.be\/de\/wp-json\/wp\/v2\/comments?post=14619"}],"wp:featuredmedia":[{"embeddable":true,"href":"https:\/\/trapp.be\/de\/wp-json\/wp\/v2\/media\/14607"}],"wp:attachment":[{"href":"https:\/\/trapp.be\/de\/wp-json\/wp\/v2\/media?parent=14619"}],"wp:term":[{"taxonomy":"product_brand","embeddable":true,"href":"https:\/\/trapp.be\/de\/wp-json\/wp\/v2\/product_brand?post=14619"},{"taxonomy":"product_cat","embeddable":true,"href":"https:\/\/trapp.be\/de\/wp-json\/wp\/v2\/product_cat?post=14619"},{"taxonomy":"product_tag","embeddable":true,"href":"https:\/\/trapp.be\/de\/wp-json\/wp\/v2\/product_tag?post=14619"}],"curies":[{"name":"wp","href":"https:\/\/api.w.org\/{rel}","templated":true}]}}