{"id":14588,"date":"2023-03-29T10:29:20","date_gmt":"2022-12-11T15:59:20","guid":{"rendered":"https:\/\/trapp.be\/product\/lavendel-geschenkbox-2\/"},"modified":"2023-07-14T19:11:06","modified_gmt":"2023-07-14T18:11:06","slug":"lavendel-geschenkbox-2","status":"publish","type":"product","link":"https:\/\/trapp.be\/de\/produkt\/lavendel-geschenkbox-2\/","title":{"rendered":"Lavendel-Geschenkbox"},"content":{"rendered":"<p>Lavendel ist eine beliebte und n\u00fctzliche Pflanze. Die urspr\u00fcnglich aus dem Mittelmeerraum stammende Pflanze ist seit Jahrhunderten in kl\u00f6sterlichen Kr\u00e4uterg\u00e4rten zu finden. Inzwischen ist Lavendel auch in unserer Region weit verbreitet. Lavendel hat einen angenehmen Duft und viele sch\u00e4tzen die \u00fcppige lila Farbe seiner Bl\u00fcten. Traditionell ist bekannt, dass der Duft von Lavendel eine beruhigende und lindernde Wirkung auf den Menschen hat. Die im Lavendel\u00f6l enthaltenen Vitamine, Mineralien und Proteine k\u00f6nnen das Haupthaar st\u00e4rken und eine beruhigende Wirkung auf die Haut haben.<\/p>\n","protected":false},"excerpt":{"rendered":"<p>Diese Lavendel-Geschenkbox stellt Ihnen unser Lavendel-Duschgel, Lavendel-Shampoo und unsere Lavendel-K\u00f6rperlotion vor.<br \/>\nDer Duft der provenzalischen Lavendelfelder unserer Br\u00fcder von Aiguebelle wird direkt in Ihr Zuhause kommen.<\/p>\n<p>Alles zusammen verpackt in einer einfachen Holzkiste.<br \/>\nEin sch\u00f6nes Geschenk zum Verschenken und Erhalten.<\/p>\n","protected":false},"featured_media":6804,"comment_status":"open","ping_status":"closed","template":"","meta":[],"product_brand":[],"product_cat":[144,120],"product_tag":[],"class_list":{"0":"post-14588","1":"product","2":"type-product","3":"status-publish","4":"has-post-thumbnail","6":"product_cat-geschenke","7":"product_cat-lavendel-de","9":"first","10":"instock","11":"taxable","12":"shipping-taxable","13":"purchasable","14":"product-type-simple"},"_links":{"self":[{"href":"https:\/\/trapp.be\/de\/wp-json\/wp\/v2\/product\/14588","targetHints":{"allow":["GET"]}}],"collection":[{"href":"https:\/\/trapp.be\/de\/wp-json\/wp\/v2\/product"}],"about":[{"href":"https:\/\/trapp.be\/de\/wp-json\/wp\/v2\/types\/product"}],"replies":[{"embeddable":true,"href":"https:\/\/trapp.be\/de\/wp-json\/wp\/v2\/comments?post=14588"}],"wp:featuredmedia":[{"embeddable":true,"href":"https:\/\/trapp.be\/de\/wp-json\/wp\/v2\/media\/6804"}],"wp:attachment":[{"href":"https:\/\/trapp.be\/de\/wp-json\/wp\/v2\/media?parent=14588"}],"wp:term":[{"taxonomy":"product_brand","embeddable":true,"href":"https:\/\/trapp.be\/de\/wp-json\/wp\/v2\/product_brand?post=14588"},{"taxonomy":"product_cat","embeddable":true,"href":"https:\/\/trapp.be\/de\/wp-json\/wp\/v2\/product_cat?post=14588"},{"taxonomy":"product_tag","embeddable":true,"href":"https:\/\/trapp.be\/de\/wp-json\/wp\/v2\/product_tag?post=14588"}],"curies":[{"name":"wp","href":"https:\/\/api.w.org\/{rel}","templated":true}]}}