{"id":14578,"date":"2023-03-30T11:50:55","date_gmt":"2020-11-22T17:59:55","guid":{"rendered":"https:\/\/trapp.be\/product\/provenzalischer-geschenkkorb\/"},"modified":"2023-07-14T19:03:39","modified_gmt":"2023-07-14T18:03:39","slug":"provenzalischer-geschenkkorb","status":"publish","type":"product","link":"https:\/\/trapp.be\/de\/produkt\/provenzalischer-geschenkkorb\/","title":{"rendered":"Provenzalischer Geschenkkorb"},"content":{"rendered":"","protected":false},"excerpt":{"rendered":"<p>In dem Provence-Geschenkkorb, den wir f\u00fcr Sie zusammengestellt haben, finden Sie unser Lavendel-Shampoo, Duschgel und Handseife sowie ein St\u00fcck handwerklich hergestellte Lavendel-Naturseife. Erg\u00e4nzt durch ein silberfarbenes Trapp.G\u00e4stehandtuch ohne Drehung. Diese Produkte enthalten das \u00e4therische \u00d6l aus den Lavendelfeldern unserer Trappistenbr\u00fcder der Abtei Notre Dame d&#8217;Aiguebelle in der Provence.<\/p>\n<p>Alles zusammen f\u00fcr Sie in einem Korb mit schwarzer Schleife.<\/p>\n","protected":false},"featured_media":14573,"comment_status":"open","ping_status":"closed","template":"","meta":[],"product_brand":[],"product_cat":[144,120],"product_tag":[],"class_list":{"0":"post-14578","1":"product","2":"type-product","3":"status-publish","4":"has-post-thumbnail","6":"product_cat-geschenke","7":"product_cat-lavendel-de","9":"first","10":"instock","11":"taxable","12":"shipping-taxable","13":"purchasable","14":"product-type-simple"},"_links":{"self":[{"href":"https:\/\/trapp.be\/de\/wp-json\/wp\/v2\/product\/14578","targetHints":{"allow":["GET"]}}],"collection":[{"href":"https:\/\/trapp.be\/de\/wp-json\/wp\/v2\/product"}],"about":[{"href":"https:\/\/trapp.be\/de\/wp-json\/wp\/v2\/types\/product"}],"replies":[{"embeddable":true,"href":"https:\/\/trapp.be\/de\/wp-json\/wp\/v2\/comments?post=14578"}],"wp:featuredmedia":[{"embeddable":true,"href":"https:\/\/trapp.be\/de\/wp-json\/wp\/v2\/media\/14573"}],"wp:attachment":[{"href":"https:\/\/trapp.be\/de\/wp-json\/wp\/v2\/media?parent=14578"}],"wp:term":[{"taxonomy":"product_brand","embeddable":true,"href":"https:\/\/trapp.be\/de\/wp-json\/wp\/v2\/product_brand?post=14578"},{"taxonomy":"product_cat","embeddable":true,"href":"https:\/\/trapp.be\/de\/wp-json\/wp\/v2\/product_cat?post=14578"},{"taxonomy":"product_tag","embeddable":true,"href":"https:\/\/trapp.be\/de\/wp-json\/wp\/v2\/product_tag?post=14578"}],"curies":[{"name":"wp","href":"https:\/\/api.w.org\/{rel}","templated":true}]}}