{"id":14544,"date":"2023-03-29T10:34:08","date_gmt":"2023-03-29T09:34:08","guid":{"rendered":"https:\/\/trapp.be\/?post_type=product&#038;p=14544"},"modified":"2025-12-11T13:41:44","modified_gmt":"2025-12-11T12:41:44","slug":"trappisten-geschenkbox-3","status":"publish","type":"product","link":"https:\/\/trapp.be\/de\/produkt\/trappisten-geschenkbox-3\/","title":{"rendered":"Trappisten-Geschenkbox"},"content":{"rendered":"","protected":false},"excerpt":{"rendered":"<p>Diese h\u00f6lzerne Geschenkbox enth\u00e4lt unsere k\u00f6stlichen Trappistenbier-Produkte mit dem Zusatz des Westmalle Dubbel&#8230; die das Shampoo, das Duschgel, die Handseife und die K\u00f6rperlotion enthalten und durch einen beigen TRAPP. zero twist Waschlappen erg\u00e4nzt werden.<\/p>\n","protected":false},"featured_media":14583,"comment_status":"open","ping_status":"closed","template":"","meta":[],"product_brand":[],"product_cat":[144,82],"product_tag":[],"class_list":{"0":"post-14544","1":"product","2":"type-product","3":"status-publish","4":"has-post-thumbnail","6":"product_cat-geschenke","7":"product_cat-trappistenbierlinie","9":"first","10":"instock","11":"taxable","12":"shipping-taxable","13":"purchasable","14":"product-type-simple"},"_links":{"self":[{"href":"https:\/\/trapp.be\/de\/wp-json\/wp\/v2\/product\/14544","targetHints":{"allow":["GET"]}}],"collection":[{"href":"https:\/\/trapp.be\/de\/wp-json\/wp\/v2\/product"}],"about":[{"href":"https:\/\/trapp.be\/de\/wp-json\/wp\/v2\/types\/product"}],"replies":[{"embeddable":true,"href":"https:\/\/trapp.be\/de\/wp-json\/wp\/v2\/comments?post=14544"}],"wp:featuredmedia":[{"embeddable":true,"href":"https:\/\/trapp.be\/de\/wp-json\/wp\/v2\/media\/14583"}],"wp:attachment":[{"href":"https:\/\/trapp.be\/de\/wp-json\/wp\/v2\/media?parent=14544"}],"wp:term":[{"taxonomy":"product_brand","embeddable":true,"href":"https:\/\/trapp.be\/de\/wp-json\/wp\/v2\/product_brand?post=14544"},{"taxonomy":"product_cat","embeddable":true,"href":"https:\/\/trapp.be\/de\/wp-json\/wp\/v2\/product_cat?post=14544"},{"taxonomy":"product_tag","embeddable":true,"href":"https:\/\/trapp.be\/de\/wp-json\/wp\/v2\/product_tag?post=14544"}],"curies":[{"name":"wp","href":"https:\/\/api.w.org\/{rel}","templated":true}]}}