{"id":14102,"date":"2022-12-10T15:54:40","date_gmt":"2022-12-12T13:54:40","guid":{"rendered":"https:\/\/trapp.be\/product\/trapp-geschenkbox-mit-lavendel\/"},"modified":"2023-07-14T19:27:36","modified_gmt":"2023-07-14T18:27:36","slug":"trapp-geschenkbox-mit-lavendel","status":"publish","type":"product","link":"https:\/\/trapp.be\/de\/produkt\/trapp-geschenkbox-mit-lavendel\/","title":{"rendered":"TRAPP. Geschenkbox mit Lavendel"},"content":{"rendered":"<p>Lavendel ist eine beliebte und n\u00fctzliche Pflanze. Diese urspr\u00fcnglich aus dem Mittelmeerraum stammende Pflanze ist seit Jahrhunderten in kl\u00f6sterlichen Kr\u00e4uterg\u00e4rten zu finden. Inzwischen ist der Lavendel in unserer Region sehr verbreitet. Lavendel hat einen angenehmen Duft und viele sch\u00e4tzen die \u00fcppige violette Farbe seiner Bl\u00fcten. Traditionell ist der Duft von Lavendel daf\u00fcr bekannt, dass er eine beruhigende und lindernde Wirkung auf den Menschen hat. Die im Lavendel\u00f6l enthaltenen Vitamine, Mineralien und Proteine k\u00f6nnen das Haupthaar st\u00e4rken und eine beruhigende Wirkung auf die Haut haben.<\/p>\n<p><a href=\"https:\/\/www.deepl.com\/translator?utm_source=windows&amp;utm_medium=app&amp;utm_campaign=windows-share\" target=\"_blank\" rel=\"noopener\" data-mce-href=\"https:\/\/www.deepl.com\/translator?utm_source=windows&amp;utm_medium=app&amp;utm_campaign=windows-share\" data-mce->Translated with DeepL<\/a><\/p>\n","protected":false},"excerpt":{"rendered":"<p>Diese Lavendel-Geschenkbox stellt Ihnen unser Lavendel-Duschgel, Lavendel-Shampoo und unsere Lavendel-K\u00f6rperlotion vor.<br \/>Der Duft der provenzalischen Lavendelfelder unserer Br\u00fcder von Aiguebelle wird direkt in Ihr Haus kommen.<\/p>\n<p>Alles zusammen verpackt in einer Partybox.<br \/>Ein sch\u00f6nes Geschenk zum Verschenken und Erhalten.<\/p>\n","protected":false},"featured_media":13845,"comment_status":"open","ping_status":"closed","template":"","meta":[],"product_brand":[],"product_cat":[144,120],"product_tag":[],"class_list":{"0":"post-14102","1":"product","2":"type-product","3":"status-publish","4":"has-post-thumbnail","6":"product_cat-geschenke","7":"product_cat-lavendel-de","9":"first","10":"instock","11":"taxable","12":"shipping-taxable","13":"purchasable","14":"product-type-simple"},"_links":{"self":[{"href":"https:\/\/trapp.be\/de\/wp-json\/wp\/v2\/product\/14102","targetHints":{"allow":["GET"]}}],"collection":[{"href":"https:\/\/trapp.be\/de\/wp-json\/wp\/v2\/product"}],"about":[{"href":"https:\/\/trapp.be\/de\/wp-json\/wp\/v2\/types\/product"}],"replies":[{"embeddable":true,"href":"https:\/\/trapp.be\/de\/wp-json\/wp\/v2\/comments?post=14102"}],"wp:featuredmedia":[{"embeddable":true,"href":"https:\/\/trapp.be\/de\/wp-json\/wp\/v2\/media\/13845"}],"wp:attachment":[{"href":"https:\/\/trapp.be\/de\/wp-json\/wp\/v2\/media?parent=14102"}],"wp:term":[{"taxonomy":"product_brand","embeddable":true,"href":"https:\/\/trapp.be\/de\/wp-json\/wp\/v2\/product_brand?post=14102"},{"taxonomy":"product_cat","embeddable":true,"href":"https:\/\/trapp.be\/de\/wp-json\/wp\/v2\/product_cat?post=14102"},{"taxonomy":"product_tag","embeddable":true,"href":"https:\/\/trapp.be\/de\/wp-json\/wp\/v2\/product_tag?post=14102"}],"curies":[{"name":"wp","href":"https:\/\/api.w.org\/{rel}","templated":true}]}}