{"id":13881,"date":"2022-12-12T16:32:38","date_gmt":"2022-12-12T14:32:38","guid":{"rendered":"https:\/\/trapp.be\/?post_type=product&#038;p=13881"},"modified":"2023-07-14T19:24:18","modified_gmt":"2023-07-14T18:24:18","slug":"geschenktute-gast-lavendel","status":"publish","type":"product","link":"https:\/\/trapp.be\/de\/produkt\/geschenktute-gast-lavendel\/","title":{"rendered":"Geschenkt\u00fcte &#8222;Gast&#8220; Lavendel"},"content":{"rendered":"<p>Lavendel handzeep en gastendoekje<\/p>\n<p>&nbsp;<\/p>\n","protected":false},"excerpt":{"rendered":"<p>F\u00fcr das Lavendelpaket haben wir uns diesmal f\u00fcr eine tasche mit einer Lavendelhandseife und einem Zero Twist Trapp G\u00e4stehandtuch in einer Farbe Ihrer Wahl entschieden.<\/p>\n<p>Ein Geschenk, das alle gl\u00fccklich macht!<\/p>\n","protected":false},"featured_media":13907,"comment_status":"open","ping_status":"closed","template":"","meta":[],"product_brand":[],"product_cat":[105,144],"product_tag":[],"class_list":{"0":"post-13881","1":"product","2":"type-product","3":"status-publish","4":"has-post-thumbnail","6":"product_cat-badetucher","7":"product_cat-geschenke","9":"first","10":"instock","11":"taxable","12":"shipping-taxable","13":"purchasable","14":"product-type-variable"},"_links":{"self":[{"href":"https:\/\/trapp.be\/de\/wp-json\/wp\/v2\/product\/13881","targetHints":{"allow":["GET"]}}],"collection":[{"href":"https:\/\/trapp.be\/de\/wp-json\/wp\/v2\/product"}],"about":[{"href":"https:\/\/trapp.be\/de\/wp-json\/wp\/v2\/types\/product"}],"replies":[{"embeddable":true,"href":"https:\/\/trapp.be\/de\/wp-json\/wp\/v2\/comments?post=13881"}],"wp:featuredmedia":[{"embeddable":true,"href":"https:\/\/trapp.be\/de\/wp-json\/wp\/v2\/media\/13907"}],"wp:attachment":[{"href":"https:\/\/trapp.be\/de\/wp-json\/wp\/v2\/media?parent=13881"}],"wp:term":[{"taxonomy":"product_brand","embeddable":true,"href":"https:\/\/trapp.be\/de\/wp-json\/wp\/v2\/product_brand?post=13881"},{"taxonomy":"product_cat","embeddable":true,"href":"https:\/\/trapp.be\/de\/wp-json\/wp\/v2\/product_cat?post=13881"},{"taxonomy":"product_tag","embeddable":true,"href":"https:\/\/trapp.be\/de\/wp-json\/wp\/v2\/product_tag?post=13881"}],"curies":[{"name":"wp","href":"https:\/\/api.w.org\/{rel}","templated":true}]}}