{"id":13855,"date":"2022-12-12T16:04:23","date_gmt":"2022-12-12T14:04:23","guid":{"rendered":"https:\/\/trapp.be\/?post_type=product&#038;p=13855"},"modified":"2024-01-28T15:29:23","modified_gmt":"2024-01-28T14:29:23","slug":"aloe-vera-geschenkbox-4","status":"publish","type":"product","link":"https:\/\/trapp.be\/de\/produkt\/aloe-vera-geschenkbox-4\/","title":{"rendered":"Aloe Vera Geschenkbox"},"content":{"rendered":"<p>Inhalt der Box<br \/>\nAloe Vera Duschgel, 250 ml<br \/>\nAloe Vera Shampoo, 250 ml<br \/>\nAloe Vera K\u00f6rperlotion, 250 ml<br \/>\nAloe Vera Handseife (Handpumpe), 300 ml<br \/>\nAloe Vera Naturseife, 90 g<br \/>\nOliven Naturseife, 90 g<br \/>\nGeschenkbox<\/p>\n","protected":false},"excerpt":{"rendered":"<p>Sie sind neugierig, wie unser Aloe Vera Sortiment aussieht, sich anf\u00fchlt und duftet?<br \/>\nVielleicht ist das etwas f\u00fcr Sie!<\/p>\n<p>Mit dieser Aloe Vera Geschenkbox stellen wir Ihnen das vollst\u00e4ndige Aloe Vera- Sortiment vor.<br \/>\nDiese Box enth\u00e4lt Aloe Vera Duschgel, Aloe Vera Shampoo, Aloe Vera K\u00f6rperlotion, Aloe Vera Handseife und unsere nat\u00fcrliche Aloe Vera Seife und Olivenseife.<\/p>\n<p>Und das alles in einer einfachen, box.<br \/>\nOder wenn Sie auf der Suche nach einem originellen Geschenk sind, ist diese Box ein Muss.<br \/>\nDer Duft des Fr\u00fchlings wird in Ihre Welt einziehen!<\/p>\n","protected":false},"featured_media":13861,"comment_status":"open","ping_status":"closed","template":"","meta":[],"product_brand":[],"product_cat":[101,144],"product_tag":[],"class_list":{"0":"post-13855","1":"product","2":"type-product","3":"status-publish","4":"has-post-thumbnail","6":"product_cat-aloe-vera-de","7":"product_cat-geschenke","9":"first","10":"instock","11":"taxable","12":"shipping-taxable","13":"purchasable","14":"product-type-simple"},"_links":{"self":[{"href":"https:\/\/trapp.be\/de\/wp-json\/wp\/v2\/product\/13855","targetHints":{"allow":["GET"]}}],"collection":[{"href":"https:\/\/trapp.be\/de\/wp-json\/wp\/v2\/product"}],"about":[{"href":"https:\/\/trapp.be\/de\/wp-json\/wp\/v2\/types\/product"}],"replies":[{"embeddable":true,"href":"https:\/\/trapp.be\/de\/wp-json\/wp\/v2\/comments?post=13855"}],"wp:featuredmedia":[{"embeddable":true,"href":"https:\/\/trapp.be\/de\/wp-json\/wp\/v2\/media\/13861"}],"wp:attachment":[{"href":"https:\/\/trapp.be\/de\/wp-json\/wp\/v2\/media?parent=13855"}],"wp:term":[{"taxonomy":"product_brand","embeddable":true,"href":"https:\/\/trapp.be\/de\/wp-json\/wp\/v2\/product_brand?post=13855"},{"taxonomy":"product_cat","embeddable":true,"href":"https:\/\/trapp.be\/de\/wp-json\/wp\/v2\/product_cat?post=13855"},{"taxonomy":"product_tag","embeddable":true,"href":"https:\/\/trapp.be\/de\/wp-json\/wp\/v2\/product_tag?post=13855"}],"curies":[{"name":"wp","href":"https:\/\/api.w.org\/{rel}","templated":true}]}}