{"id":13847,"date":"2022-12-12T15:57:44","date_gmt":"2022-12-12T13:57:44","guid":{"rendered":"https:\/\/trapp.be\/?post_type=product&#038;p=13847"},"modified":"2023-07-14T19:26:26","modified_gmt":"2023-07-14T18:26:26","slug":"lavendel-geschenkbox-kopie","status":"publish","type":"product","link":"https:\/\/trapp.be\/de\/produkt\/lavendel-geschenkbox-kopie\/","title":{"rendered":"Lavendel Geschenkbox (kopie)"},"content":{"rendered":"<p>Inhalt der Box<br \/>\nLavendel Duschgel, 250 ml<br \/>\nLavendel Shampoo, 250 ml<br \/>\nLavendel K\u00f6rper Lotion, 250 ml<br \/>\nLavendel Handseife (Handpumpe), 300 ml<br \/>\nLavendel Naturseife, 90 g<br \/>\nLavendel und Stutenmilch Naturseife, 90 g<br \/>\nGeschenkbox<\/p>\n","protected":false},"excerpt":{"rendered":"<p>Sie sind neugierig, wie unser Lavendelsortiment aussieht, sich anf\u00fchlt und duftet?<br \/>\nVielleicht ist das etwas f\u00fcr Sie!<\/p>\n<p>Mit dieser Lavendel Geschenkbox stellen wir Ihnen das vollst\u00e4ndige Lavendelsortiment vor.<br \/>\nDiese Box enth\u00e4lt Lavendel Duschgel, Lavendel Shampoo, Lavendel K\u00f6rper Lotion, Lavendel Handseife und unsere beiden nat\u00fcrlichen Lavendelseifen, eine mit Lavendel und eine mit Lavendel und Stutenmilch.<br \/>\nDas alles ist in einer schlichten, stilvollen\u00a0 untergebracht.<\/p>\n<p>Wenn Sie auf der Suche sind nach einem originellen Geschenk, ist diese Box genau das Richtige f\u00fcr Sie. Der Duft der provenzalischen Felder wird Ihre Welt erobern!<\/p>\n","protected":false},"featured_media":13853,"comment_status":"open","ping_status":"closed","template":"","meta":[],"product_brand":[],"product_cat":[144,120],"product_tag":[],"class_list":{"0":"post-13847","1":"product","2":"type-product","3":"status-publish","4":"has-post-thumbnail","6":"product_cat-geschenke","7":"product_cat-lavendel-de","9":"first","10":"instock","11":"taxable","12":"shipping-taxable","13":"purchasable","14":"product-type-simple"},"_links":{"self":[{"href":"https:\/\/trapp.be\/de\/wp-json\/wp\/v2\/product\/13847","targetHints":{"allow":["GET"]}}],"collection":[{"href":"https:\/\/trapp.be\/de\/wp-json\/wp\/v2\/product"}],"about":[{"href":"https:\/\/trapp.be\/de\/wp-json\/wp\/v2\/types\/product"}],"replies":[{"embeddable":true,"href":"https:\/\/trapp.be\/de\/wp-json\/wp\/v2\/comments?post=13847"}],"wp:featuredmedia":[{"embeddable":true,"href":"https:\/\/trapp.be\/de\/wp-json\/wp\/v2\/media\/13853"}],"wp:attachment":[{"href":"https:\/\/trapp.be\/de\/wp-json\/wp\/v2\/media?parent=13847"}],"wp:term":[{"taxonomy":"product_brand","embeddable":true,"href":"https:\/\/trapp.be\/de\/wp-json\/wp\/v2\/product_brand?post=13847"},{"taxonomy":"product_cat","embeddable":true,"href":"https:\/\/trapp.be\/de\/wp-json\/wp\/v2\/product_cat?post=13847"},{"taxonomy":"product_tag","embeddable":true,"href":"https:\/\/trapp.be\/de\/wp-json\/wp\/v2\/product_tag?post=13847"}],"curies":[{"name":"wp","href":"https:\/\/api.w.org\/{rel}","templated":true}]}}