{"id":13834,"date":"2022-12-12T16:05:18","date_gmt":"2022-12-12T15:05:18","guid":{"rendered":"https:\/\/trapp.be\/?post_type=product&#038;p=13834"},"modified":"2025-12-11T13:43:24","modified_gmt":"2025-12-11T12:43:24","slug":"trappisten-geschenkbox-2","status":"publish","type":"product","link":"https:\/\/trapp.be\/de\/produkt\/trappisten-geschenkbox-2\/","title":{"rendered":"Trappisten-Geschenkbox"},"content":{"rendered":"<p>Dieser Geschenkkarton enth\u00e4lt unsere k\u00f6stlichen Trappistenbierprodukte mit dem Zusatz Westmalle Dubbel Bier : Shampoo, Duschgel, Handseife und K\u00f6rperlotion.<\/p>\n","protected":false},"excerpt":{"rendered":"<p>Diese Trappisten-Geschenkbox enth\u00e4lt unsere neuen Trappistenbier-Pflegeprodukte mit Westmalle Dubbel : Trappistenbier-Shampoo, Trappistenbier-Duschgel, Trappistenbier-Handseife und Trappistenbier-K\u00f6rperlotion.<\/p>\n<p>Die in Glas sind f\u00fcr Sie in einer schlichten Holzkiste zusammengestellt worden.<br \/>\nEin exquisites und originelles Geschenk f\u00fcr die kommenden Feiertage.<\/p>\n","protected":false},"featured_media":13840,"comment_status":"open","ping_status":"closed","template":"","meta":[],"product_brand":[],"product_cat":[144,82],"product_tag":[],"class_list":{"0":"post-13834","1":"product","2":"type-product","3":"status-publish","4":"has-post-thumbnail","6":"product_cat-geschenke","7":"product_cat-trappistenbierlinie","9":"first","10":"instock","11":"taxable","12":"shipping-taxable","13":"purchasable","14":"product-type-simple"},"_links":{"self":[{"href":"https:\/\/trapp.be\/de\/wp-json\/wp\/v2\/product\/13834","targetHints":{"allow":["GET"]}}],"collection":[{"href":"https:\/\/trapp.be\/de\/wp-json\/wp\/v2\/product"}],"about":[{"href":"https:\/\/trapp.be\/de\/wp-json\/wp\/v2\/types\/product"}],"replies":[{"embeddable":true,"href":"https:\/\/trapp.be\/de\/wp-json\/wp\/v2\/comments?post=13834"}],"wp:featuredmedia":[{"embeddable":true,"href":"https:\/\/trapp.be\/de\/wp-json\/wp\/v2\/media\/13840"}],"wp:attachment":[{"href":"https:\/\/trapp.be\/de\/wp-json\/wp\/v2\/media?parent=13834"}],"wp:term":[{"taxonomy":"product_brand","embeddable":true,"href":"https:\/\/trapp.be\/de\/wp-json\/wp\/v2\/product_brand?post=13834"},{"taxonomy":"product_cat","embeddable":true,"href":"https:\/\/trapp.be\/de\/wp-json\/wp\/v2\/product_cat?post=13834"},{"taxonomy":"product_tag","embeddable":true,"href":"https:\/\/trapp.be\/de\/wp-json\/wp\/v2\/product_tag?post=13834"}],"curies":[{"name":"wp","href":"https:\/\/api.w.org\/{rel}","templated":true}]}}