{"id":11804,"date":"2021-11-19T16:01:23","date_gmt":"2022-04-15T12:13:23","guid":{"rendered":"https:\/\/trapp.be\/product\/westmalle-dubbel-familienpflegepaket\/"},"modified":"2023-07-14T19:32:53","modified_gmt":"2023-07-14T18:32:53","slug":"westmalle-dubbel-familienpflegepaket","status":"publish","type":"product","link":"https:\/\/trapp.be\/de\/produkt\/westmalle-dubbel-familienpflegepaket\/","title":{"rendered":"Westmalle Dubbel Familienpflegepaket"},"content":{"rendered":"<p>500 ml Westmalle Dubbel Duschgel<br \/>\n500 ml Westmalle Dubbel Shampoo<br \/>\n500 ml Westmalle Dubbel Handseife<\/p>\n","protected":false},"excerpt":{"rendered":"<p>In dieser Familienpackung haben wir 3 unserer Westmalle Dubbel-Pflegeprodukte in Nachf\u00fcllpackungen f\u00fcr Sie zusammengestellt.<br \/>\nMachen Sie Ihre K\u00f6rperpflege zu einem t\u00e4glichen Vergn\u00fcgen!<\/p>\n","protected":false},"featured_media":11730,"comment_status":"open","ping_status":"closed","template":"","meta":[],"product_brand":[],"product_cat":[138,82],"product_tag":[],"class_list":{"0":"post-11804","1":"product","2":"type-product","3":"status-publish","4":"has-post-thumbnail","6":"product_cat-pakete","7":"product_cat-trappistenbierlinie","9":"first","10":"instock","11":"taxable","12":"shipping-taxable","13":"purchasable","14":"product-type-simple"},"_links":{"self":[{"href":"https:\/\/trapp.be\/de\/wp-json\/wp\/v2\/product\/11804","targetHints":{"allow":["GET"]}}],"collection":[{"href":"https:\/\/trapp.be\/de\/wp-json\/wp\/v2\/product"}],"about":[{"href":"https:\/\/trapp.be\/de\/wp-json\/wp\/v2\/types\/product"}],"replies":[{"embeddable":true,"href":"https:\/\/trapp.be\/de\/wp-json\/wp\/v2\/comments?post=11804"}],"wp:featuredmedia":[{"embeddable":true,"href":"https:\/\/trapp.be\/de\/wp-json\/wp\/v2\/media\/11730"}],"wp:attachment":[{"href":"https:\/\/trapp.be\/de\/wp-json\/wp\/v2\/media?parent=11804"}],"wp:term":[{"taxonomy":"product_brand","embeddable":true,"href":"https:\/\/trapp.be\/de\/wp-json\/wp\/v2\/product_brand?post=11804"},{"taxonomy":"product_cat","embeddable":true,"href":"https:\/\/trapp.be\/de\/wp-json\/wp\/v2\/product_cat?post=11804"},{"taxonomy":"product_tag","embeddable":true,"href":"https:\/\/trapp.be\/de\/wp-json\/wp\/v2\/product_tag?post=11804"}],"curies":[{"name":"wp","href":"https:\/\/api.w.org\/{rel}","templated":true}]}}