{"id":10705,"date":"2021-11-29T16:02:02","date_gmt":"2021-04-27T17:52:02","guid":{"rendered":"https:\/\/trapp.be\/product\/nazareth-satz\/"},"modified":"2023-04-02T13:18:46","modified_gmt":"2023-04-02T12:18:46","slug":"nazareth-satz","status":"publish","type":"product","link":"https:\/\/trapp.be\/de\/produkt\/nazareth-satz\/","title":{"rendered":"Nazareth-Satz"},"content":{"rendered":"<p>Mit dieser Geschenkbox k\u00f6nnen Sie die gesamten Trapp-Textilien-Linie erwerben.<\/p>\n<p>Diese supersoften, hochwertigen Badetextilien verleihen Ihrer Zeit, die Sie f\u00fcr Ihre Pflege verwenden, das gewisse Extra.<br \/>\nDie Badetextilien von Trapp d\u00fcrfen in keinem modernen Badezimmer fehlen!<\/p>\n<p>Aufgrund der gro\u00dfen Nachfrage ist die anthrazitfarbene Version unseres Nazareth-Satzes vor\u00fcbergehend nicht verf\u00fcgbar. Wir entschuldigen uns daf\u00fcr.<\/p>\n","protected":false},"excerpt":{"rendered":"<p>Mit dieser Geschenkbox k\u00f6nnen Sie die gesamten Trapp-Textilien-Linie erwerben.<\/p>\n<p>Diese supersoften, hochwertigen Badetextilien verleihen Ihrer Zeit, die Sie f\u00fcr Ihre Pflege verwenden, das gewisse Extra.<br \/>\nDie Badetextilien von Trapp d\u00fcrfen in keinem modernen Badezimmer fehlen!<\/p>\n<p>Aufgrund der gro\u00dfen Nachfrage ist die anthrazitfarbene Version unseres Nazareth-Satzes vor\u00fcbergehend nicht verf\u00fcgbar. Wir entschuldigen uns daf\u00fcr.<\/p>\n","protected":false},"featured_media":10093,"comment_status":"open","ping_status":"closed","template":"","meta":[],"product_brand":[],"product_cat":[105,144],"product_tag":[],"class_list":{"0":"post-10705","1":"product","2":"type-product","3":"status-publish","4":"has-post-thumbnail","6":"product_cat-badetucher","7":"product_cat-geschenke","9":"first","10":"instock","11":"taxable","12":"shipping-taxable","13":"purchasable","14":"product-type-variable"},"_links":{"self":[{"href":"https:\/\/trapp.be\/de\/wp-json\/wp\/v2\/product\/10705","targetHints":{"allow":["GET"]}}],"collection":[{"href":"https:\/\/trapp.be\/de\/wp-json\/wp\/v2\/product"}],"about":[{"href":"https:\/\/trapp.be\/de\/wp-json\/wp\/v2\/types\/product"}],"replies":[{"embeddable":true,"href":"https:\/\/trapp.be\/de\/wp-json\/wp\/v2\/comments?post=10705"}],"wp:featuredmedia":[{"embeddable":true,"href":"https:\/\/trapp.be\/de\/wp-json\/wp\/v2\/media\/10093"}],"wp:attachment":[{"href":"https:\/\/trapp.be\/de\/wp-json\/wp\/v2\/media?parent=10705"}],"wp:term":[{"taxonomy":"product_brand","embeddable":true,"href":"https:\/\/trapp.be\/de\/wp-json\/wp\/v2\/product_brand?post=10705"},{"taxonomy":"product_cat","embeddable":true,"href":"https:\/\/trapp.be\/de\/wp-json\/wp\/v2\/product_cat?post=10705"},{"taxonomy":"product_tag","embeddable":true,"href":"https:\/\/trapp.be\/de\/wp-json\/wp\/v2\/product_tag?post=10705"}],"curies":[{"name":"wp","href":"https:\/\/api.w.org\/{rel}","templated":true}]}}