{"id":10697,"date":"2021-11-29T16:03:03","date_gmt":"2021-11-29T15:03:03","guid":{"rendered":"https:\/\/trapp.be\/product\/bernardus-satz\/"},"modified":"2025-12-06T05:48:01","modified_gmt":"2025-12-06T04:48:01","slug":"bernardus-satz","status":"publish","type":"product","link":"https:\/\/trapp.be\/de\/produkt\/bernardus-satz\/","title":{"rendered":"Bernardus-Satz"},"content":{"rendered":"<p>Inhalt des Satzes<br \/>\n\t1 Duschhandtuch Trapp<br \/>\n\t1 Flanell Trapp<br \/>\n\tTrapp Bierduschgel 300 ml<\/p>\n","protected":false},"excerpt":{"rendered":"<p>F\u00fcr den Bernardus-Satz haben wir f\u00fcr Sie ein superweiches Trapp-Duschtuch mit einem Flanell in der entgegengesetzten Farbe ausgew\u00e4hlt, erg\u00e4nzt durch unser Trappistenbier Duschgel.<\/p>\n<p>Das Duschen wird zu einem immer wiederkehrenden Vergn\u00fcgen!<\/p>\n","protected":false},"featured_media":14125,"comment_status":"open","ping_status":"closed","template":"","meta":[],"product_brand":[],"product_cat":[105,144],"product_tag":[],"class_list":{"0":"post-10697","1":"product","2":"type-product","3":"status-publish","4":"has-post-thumbnail","6":"product_cat-badetucher","7":"product_cat-geschenke","9":"first","10":"outofstock","11":"taxable","12":"shipping-taxable","13":"purchasable","14":"product-type-variable"},"_links":{"self":[{"href":"https:\/\/trapp.be\/de\/wp-json\/wp\/v2\/product\/10697","targetHints":{"allow":["GET"]}}],"collection":[{"href":"https:\/\/trapp.be\/de\/wp-json\/wp\/v2\/product"}],"about":[{"href":"https:\/\/trapp.be\/de\/wp-json\/wp\/v2\/types\/product"}],"replies":[{"embeddable":true,"href":"https:\/\/trapp.be\/de\/wp-json\/wp\/v2\/comments?post=10697"}],"wp:featuredmedia":[{"embeddable":true,"href":"https:\/\/trapp.be\/de\/wp-json\/wp\/v2\/media\/14125"}],"wp:attachment":[{"href":"https:\/\/trapp.be\/de\/wp-json\/wp\/v2\/media?parent=10697"}],"wp:term":[{"taxonomy":"product_brand","embeddable":true,"href":"https:\/\/trapp.be\/de\/wp-json\/wp\/v2\/product_brand?post=10697"},{"taxonomy":"product_cat","embeddable":true,"href":"https:\/\/trapp.be\/de\/wp-json\/wp\/v2\/product_cat?post=10697"},{"taxonomy":"product_tag","embeddable":true,"href":"https:\/\/trapp.be\/de\/wp-json\/wp\/v2\/product_tag?post=10697"}],"curies":[{"name":"wp","href":"https:\/\/api.w.org\/{rel}","templated":true}]}}