{"id":10695,"date":"2023-03-29T10:33:11","date_gmt":"2021-03-12T15:43:11","guid":{"rendered":"https:\/\/trapp.be\/product\/aloe-vera-geschenkbox\/"},"modified":"2024-01-28T15:28:27","modified_gmt":"2024-01-28T14:28:27","slug":"aloe-vera-geschenkbox","status":"publish","type":"product","link":"https:\/\/trapp.be\/de\/produkt\/aloe-vera-geschenkbox\/","title":{"rendered":"Aloe Vera Geschenkbox"},"content":{"rendered":"<p>Inhalt der Box<br \/>\n\tAloe Vera Duschgel, 250 ml<br \/>\n\tAloe Vera Shampoo, 250 ml<br \/>\n\tAloe Vera K\u00f6rperlotion, 250 ml<br \/>\n\tAloe Vera Handseife (Handpumpe), 300 ml<br \/>\n\tAloe Vera Naturseife, 90 g<br \/>\n\tOliven Naturseife, 90 g<br \/>\n\tGeschenkbox aus Holz<\/p>\n","protected":false},"excerpt":{"rendered":"<p>Sie sind neugierig, wie unser Aloe Vera Sortiment aussieht, sich anf\u00fchlt und duftet?<br \/>\nVielleicht ist das etwas f\u00fcr Sie!<\/p>\n<p>Mit dieser Aloe Vera Geschenkbox stellen wir Ihnen das vollst\u00e4ndige Aloe Vera- Sortiment vor.<br \/>\nDiese Box enth\u00e4lt Aloe Vera Duschgel, Aloe Vera Shampoo, Aloe Vera K\u00f6rperlotion, Aloe Vera Handseife und unsere nat\u00fcrliche Aloe Vera Seife und Olivenseife.<\/p>\n<p>Und das alles in einer einfachen, stilvollen Holzbox.<br \/>\nOder wenn Sie auf der Suche nach einem originellen Geschenk sind, ist diese Box ein Muss.<br \/>\nDer Duft des Fr\u00fchlings wird in Ihre Welt einziehen!<\/p>\n","protected":false},"featured_media":7957,"comment_status":"open","ping_status":"closed","template":"","meta":[],"product_brand":[],"product_cat":[101,144],"product_tag":[],"class_list":{"0":"post-10695","1":"product","2":"type-product","3":"status-publish","4":"has-post-thumbnail","6":"product_cat-aloe-vera-de","7":"product_cat-geschenke","9":"first","10":"instock","11":"taxable","12":"shipping-taxable","13":"purchasable","14":"product-type-simple"},"_links":{"self":[{"href":"https:\/\/trapp.be\/de\/wp-json\/wp\/v2\/product\/10695","targetHints":{"allow":["GET"]}}],"collection":[{"href":"https:\/\/trapp.be\/de\/wp-json\/wp\/v2\/product"}],"about":[{"href":"https:\/\/trapp.be\/de\/wp-json\/wp\/v2\/types\/product"}],"replies":[{"embeddable":true,"href":"https:\/\/trapp.be\/de\/wp-json\/wp\/v2\/comments?post=10695"}],"wp:featuredmedia":[{"embeddable":true,"href":"https:\/\/trapp.be\/de\/wp-json\/wp\/v2\/media\/7957"}],"wp:attachment":[{"href":"https:\/\/trapp.be\/de\/wp-json\/wp\/v2\/media?parent=10695"}],"wp:term":[{"taxonomy":"product_brand","embeddable":true,"href":"https:\/\/trapp.be\/de\/wp-json\/wp\/v2\/product_brand?post=10695"},{"taxonomy":"product_cat","embeddable":true,"href":"https:\/\/trapp.be\/de\/wp-json\/wp\/v2\/product_cat?post=10695"},{"taxonomy":"product_tag","embeddable":true,"href":"https:\/\/trapp.be\/de\/wp-json\/wp\/v2\/product_tag?post=10695"}],"curies":[{"name":"wp","href":"https:\/\/api.w.org\/{rel}","templated":true}]}}