{"id":10649,"date":"2019-10-10T10:21:20","date_gmt":"2020-11-13T17:02:20","guid":{"rendered":"https:\/\/trapp.be\/product\/noveenkerze\/"},"modified":"2023-07-14T19:44:32","modified_gmt":"2023-07-14T18:44:32","slug":"noveenkerze","status":"publish","type":"product","link":"https:\/\/trapp.be\/de\/produkt\/noveenkerze\/","title":{"rendered":"Noveenkerze"},"content":{"rendered":"<p>In dunklen und schwierigen Zeiten, in denen wir einander mehr denn je brauchen, m\u00f6chten wir Ihnen die M\u00f6glichkeit bieten, unsere Noveenkerzen \u00fcber diesen Kanal zu kaufen.<\/p>\n","protected":false},"excerpt":{"rendered":"<p>Diese &#8222;Neuntagebrenners&#8220; sollen neun Tage lang f\u00fcr besondere Anliegen brennen: zur Unterst\u00fctzung in schwierigen, dunklen und einsamen Zeiten oder aus Dankbarkeit&#8230; Diese Kerzen brennen traditionell neun Tage und N\u00e4chte lang.<\/p>\n<p>Diese personalisierten Noveenkerzen unserer Abtei versichern Sie des Gebets und der Anteilnahme der Schwestern f\u00fcr alle Ihre Anliegen.<\/p>\n","protected":false},"featured_media":10650,"comment_status":"open","ping_status":"closed","template":"","meta":[],"product_brand":[],"product_cat":[141],"product_tag":[],"class_list":{"0":"post-10649","1":"product","2":"type-product","3":"status-publish","4":"has-post-thumbnail","6":"product_cat-kerzen","8":"first","9":"instock","10":"taxable","11":"shipping-taxable","12":"purchasable","13":"product-type-simple"},"_links":{"self":[{"href":"https:\/\/trapp.be\/de\/wp-json\/wp\/v2\/product\/10649","targetHints":{"allow":["GET"]}}],"collection":[{"href":"https:\/\/trapp.be\/de\/wp-json\/wp\/v2\/product"}],"about":[{"href":"https:\/\/trapp.be\/de\/wp-json\/wp\/v2\/types\/product"}],"replies":[{"embeddable":true,"href":"https:\/\/trapp.be\/de\/wp-json\/wp\/v2\/comments?post=10649"}],"wp:featuredmedia":[{"embeddable":true,"href":"https:\/\/trapp.be\/de\/wp-json\/wp\/v2\/media\/10650"}],"wp:attachment":[{"href":"https:\/\/trapp.be\/de\/wp-json\/wp\/v2\/media?parent=10649"}],"wp:term":[{"taxonomy":"product_brand","embeddable":true,"href":"https:\/\/trapp.be\/de\/wp-json\/wp\/v2\/product_brand?post=10649"},{"taxonomy":"product_cat","embeddable":true,"href":"https:\/\/trapp.be\/de\/wp-json\/wp\/v2\/product_cat?post=10649"},{"taxonomy":"product_tag","embeddable":true,"href":"https:\/\/trapp.be\/de\/wp-json\/wp\/v2\/product_tag?post=10649"}],"curies":[{"name":"wp","href":"https:\/\/api.w.org\/{rel}","templated":true}]}}