{"id":10275,"date":"2019-03-02T11:38:08","date_gmt":"2019-03-02T09:38:08","guid":{"rendered":"https:\/\/trapp.be\/product\/putzmittel-mit-lavendel-1l\/"},"modified":"2023-07-14T19:43:59","modified_gmt":"2023-07-14T18:43:59","slug":"putzmittel-mit-lavendel-1l","status":"publish","type":"product","link":"https:\/\/trapp.be\/de\/produkt\/putzmittel-mit-lavendel-1l\/","title":{"rendered":"Putzmittel mit Lavendel  &#8211; 1L"},"content":{"rendered":"<p>Im Jahr 1964 begannen die Trappistinnen der Abtei Unsere Liebe Frau von Nazareth in Brecht einen kleinen Seifenproduktionsbetrieb. TRAPP. ist eine Serie handwerklicher Seifen und K\u00f6rperpflegeprodukte auf Basis eigener Abteirezepte.<\/p>\n<p>Die Geschichte von TRAPP. hat mit der Produktion von Sp\u00fcl- und Putzmitteln begonnen. Dieses Putzmittel, auf Basis pflanzlicher \u00d6le, mit \u00e4therischem Lavendel\u00f6l der Trappisten von Aiguebelle in der Provence pflegt und reinigt alle Natursteinb\u00f6den.<\/p>\n<p>Empfohlene Anwendung : 1 Dosierdeckel\/Eimer<\/p>\n<p>&nbsp;<\/p>\n","protected":false},"excerpt":{"rendered":"<p>Im Jahr 1964 begannen die Trappistinnen der Abtei Unsere Liebe Frau von Nazareth in Brecht einen kleinen Seifenproduktionsbetrieb. TRAPP. ist eine Serie handwerklicher Seifen und K\u00f6rperpflegeprodukte auf Basis eigener Abteirezepte.<\/p>\n<p>Die Geschichte von TRAPP. hat mit der Produktion von Sp\u00fcl- und Putzmitteln begonnen. Dieses Putzmittel, auf Basis pflanzlicher \u00d6le, mit \u00e4therischem Lavendel\u00f6l der Trappisten von Aiguebelle in der Provence pflegt und reinigt alle Natursteinb\u00f6den.<\/p>\n<p>Empfohlene Anwendung : 1 Dosierdeckel\/Eimer<\/p>\n<p>&nbsp;<\/p>\n","protected":false},"featured_media":14730,"comment_status":"open","ping_status":"closed","template":"","meta":[],"product_brand":[],"product_cat":[132,130],"product_tag":[],"class_list":{"0":"post-10275","1":"product","2":"type-product","3":"status-publish","4":"has-post-thumbnail","6":"product_cat-putzmittel","7":"product_cat-reinigungskraft","9":"first","10":"instock","11":"taxable","12":"shipping-taxable","13":"purchasable","14":"product-type-simple"},"_links":{"self":[{"href":"https:\/\/trapp.be\/de\/wp-json\/wp\/v2\/product\/10275","targetHints":{"allow":["GET"]}}],"collection":[{"href":"https:\/\/trapp.be\/de\/wp-json\/wp\/v2\/product"}],"about":[{"href":"https:\/\/trapp.be\/de\/wp-json\/wp\/v2\/types\/product"}],"replies":[{"embeddable":true,"href":"https:\/\/trapp.be\/de\/wp-json\/wp\/v2\/comments?post=10275"}],"wp:featuredmedia":[{"embeddable":true,"href":"https:\/\/trapp.be\/de\/wp-json\/wp\/v2\/media\/14730"}],"wp:attachment":[{"href":"https:\/\/trapp.be\/de\/wp-json\/wp\/v2\/media?parent=10275"}],"wp:term":[{"taxonomy":"product_brand","embeddable":true,"href":"https:\/\/trapp.be\/de\/wp-json\/wp\/v2\/product_brand?post=10275"},{"taxonomy":"product_cat","embeddable":true,"href":"https:\/\/trapp.be\/de\/wp-json\/wp\/v2\/product_cat?post=10275"},{"taxonomy":"product_tag","embeddable":true,"href":"https:\/\/trapp.be\/de\/wp-json\/wp\/v2\/product_tag?post=10275"}],"curies":[{"name":"wp","href":"https:\/\/api.w.org\/{rel}","templated":true}]}}