{"id":10269,"date":"2019-03-04T11:37:09","date_gmt":"2019-03-04T09:37:09","guid":{"rendered":"https:\/\/trapp.be\/product\/oko-spulmittel-mit-zitrone-5l\/"},"modified":"2023-07-14T19:43:08","modified_gmt":"2023-07-14T18:43:08","slug":"oko-spulmittel-mit-zitrone-5l","status":"publish","type":"product","link":"https:\/\/trapp.be\/de\/produkt\/oko-spulmittel-mit-zitrone-5l\/","title":{"rendered":"\u00d6ko Sp\u00fclmittel mit Zitrone &#8211; 5L"},"content":{"rendered":"<p>Im Jahr 1964 begannen die Trappistinnen der Abtei Unsere Liebe Frau von Nazareth in Brecht einen kleinen Seifenproduktionsbetrieb. TRAPP. ist eine Serie handwerklicher Seifen und K\u00f6rperpflegeprodukte auf Basis eigener Abteirezepte.<\/p>\n<p>Die Geschichte von TRAPP. hat mit der Produktion von Sp\u00fcl- und Putzmitteln begonnen. Dieses Sp\u00fclmittel mit Zitronenparf\u00fcm entfettet und reinigt, ist sparsam im Gebrauch und schonend zu Ihren H\u00e4nden. \u00d6ko-zertifiziert.<\/p>\n","protected":false},"excerpt":{"rendered":"<p>Im Jahr 1964 begannen die Trappistinnen der Abtei Unsere Liebe Frau von Nazareth in Brecht einen kleinen Seifenproduktionsbetrieb. TRAPP. ist eine Serie handwerklicher Seifen und K\u00f6rperpflegeprodukte auf Basis eigener Abteirezepte.<\/p>\n<p>Die Geschichte von TRAPP. hat mit der Produktion von Sp\u00fcl- und Putzmitteln begonnen. Dieses Sp\u00fclmittel mit Zitronenparf\u00fcm entfettet und reinigt, ist sparsam im Gebrauch und schonend zu Ihren H\u00e4nden. \u00d6ko-zertifiziert.<\/p>\n","protected":false},"featured_media":14738,"comment_status":"open","ping_status":"closed","template":"","meta":[],"product_brand":[],"product_cat":[131,102,130],"product_tag":[],"class_list":{"0":"post-10269","1":"product","2":"type-product","3":"status-publish","4":"has-post-thumbnail","6":"product_cat-geschirrspulmittel","7":"product_cat-nachfullpack","8":"product_cat-reinigungskraft","10":"first","11":"instock","12":"taxable","13":"shipping-taxable","14":"purchasable","15":"product-type-simple"},"_links":{"self":[{"href":"https:\/\/trapp.be\/de\/wp-json\/wp\/v2\/product\/10269","targetHints":{"allow":["GET"]}}],"collection":[{"href":"https:\/\/trapp.be\/de\/wp-json\/wp\/v2\/product"}],"about":[{"href":"https:\/\/trapp.be\/de\/wp-json\/wp\/v2\/types\/product"}],"replies":[{"embeddable":true,"href":"https:\/\/trapp.be\/de\/wp-json\/wp\/v2\/comments?post=10269"}],"wp:featuredmedia":[{"embeddable":true,"href":"https:\/\/trapp.be\/de\/wp-json\/wp\/v2\/media\/14738"}],"wp:attachment":[{"href":"https:\/\/trapp.be\/de\/wp-json\/wp\/v2\/media?parent=10269"}],"wp:term":[{"taxonomy":"product_brand","embeddable":true,"href":"https:\/\/trapp.be\/de\/wp-json\/wp\/v2\/product_brand?post=10269"},{"taxonomy":"product_cat","embeddable":true,"href":"https:\/\/trapp.be\/de\/wp-json\/wp\/v2\/product_cat?post=10269"},{"taxonomy":"product_tag","embeddable":true,"href":"https:\/\/trapp.be\/de\/wp-json\/wp\/v2\/product_tag?post=10269"}],"curies":[{"name":"wp","href":"https:\/\/api.w.org\/{rel}","templated":true}]}}