{"id":10246,"date":"2020-10-22T10:36:02","date_gmt":"2019-10-22T06:58:02","guid":{"rendered":"https:\/\/trapp.be\/product\/lavendelseife-mit-stutenmilch\/"},"modified":"2023-04-05T10:01:07","modified_gmt":"2023-04-05T09:01:07","slug":"lavendelseife-mit-stutenmilch","status":"publish","type":"product","link":"https:\/\/trapp.be\/de\/produkt\/lavendelseife-mit-stutenmilch\/","title":{"rendered":"Lavendelseife mit Stutenmilch"},"content":{"rendered":"<p>Im Jahr 1964 begannen die Trappistinnen der Abtei Unsere Liebe Frau von Nazareth in Brecht einen kleinen Seifenproduktionsbetrieb. TRAPP. ist eine Serie handwerklicher Seifen und K\u00f6rperpflegeprodukte auf Basis eigener Abteirezepte.<\/p>\n<p>Lavendel w\u00e4chst von alters her im Klostergarten. Dieses handgefertigte St\u00fcck Seife mit 8 % Stutenmilch und \u00e4therischem Lavendel\u00f6l der Trappisten von Aiguebelle in der Provence ist f\u00fcr empfindliche Haut geeignet.<\/p>\n","protected":false},"excerpt":{"rendered":"<p>Im Jahr 1964 begannen die Trappistinnen der Abtei Unsere Liebe Frau von Nazareth in Brecht einen kleinen Seifenproduktionsbetrieb. TRAPP. ist eine Serie handwerklicher Seifen und K\u00f6rperpflegeprodukte auf Basis eigener Abteirezepte.<\/p>\n<p>Lavendel w\u00e4chst von alters her im Klostergarten. Dieses handgefertigte St\u00fcck Seife mit 8 % Stutenmilch und \u00e4therischem Lavendel\u00f6l der Trappisten von Aiguebelle in der Provence ist f\u00fcr empfindliche Haut geeignet.<\/p>\n","protected":false},"featured_media":10243,"comment_status":"open","ping_status":"closed","template":"","meta":[],"product_brand":[],"product_cat":[120,97],"product_tag":[],"class_list":{"0":"post-10246","1":"product","2":"type-product","3":"status-publish","4":"has-post-thumbnail","6":"product_cat-lavendel-de","7":"product_cat-seife","9":"first","10":"instock","11":"taxable","12":"shipping-taxable","13":"purchasable","14":"product-type-simple"},"_links":{"self":[{"href":"https:\/\/trapp.be\/de\/wp-json\/wp\/v2\/product\/10246","targetHints":{"allow":["GET"]}}],"collection":[{"href":"https:\/\/trapp.be\/de\/wp-json\/wp\/v2\/product"}],"about":[{"href":"https:\/\/trapp.be\/de\/wp-json\/wp\/v2\/types\/product"}],"replies":[{"embeddable":true,"href":"https:\/\/trapp.be\/de\/wp-json\/wp\/v2\/comments?post=10246"}],"wp:featuredmedia":[{"embeddable":true,"href":"https:\/\/trapp.be\/de\/wp-json\/wp\/v2\/media\/10243"}],"wp:attachment":[{"href":"https:\/\/trapp.be\/de\/wp-json\/wp\/v2\/media?parent=10246"}],"wp:term":[{"taxonomy":"product_brand","embeddable":true,"href":"https:\/\/trapp.be\/de\/wp-json\/wp\/v2\/product_brand?post=10246"},{"taxonomy":"product_cat","embeddable":true,"href":"https:\/\/trapp.be\/de\/wp-json\/wp\/v2\/product_cat?post=10246"},{"taxonomy":"product_tag","embeddable":true,"href":"https:\/\/trapp.be\/de\/wp-json\/wp\/v2\/product_tag?post=10246"}],"curies":[{"name":"wp","href":"https:\/\/api.w.org\/{rel}","templated":true}]}}