{"id":10230,"date":"2019-10-10T10:18:58","date_gmt":"2019-10-22T06:41:58","guid":{"rendered":"https:\/\/trapp.be\/product\/nachfullpack-fur-lavendel-handseife\/"},"modified":"2023-07-14T19:41:15","modified_gmt":"2023-07-14T18:41:15","slug":"nachfullpack-fur-lavendel-handseife","status":"publish","type":"product","link":"https:\/\/trapp.be\/de\/produkt\/nachfullpack-fur-lavendel-handseife\/","title":{"rendered":"Nachf\u00fcllpack f\u00fcr Lavendel Handseife"},"content":{"rendered":"<p>Im Jahr 1964 begannen die Trappistinnen der Abtei Unsere Liebe Frau von Nazareth in Brecht einen kleinen Seifenproduktionsbetrieb. TRAPP. ist eine Serie handwerklicher Seifen und K\u00f6rperpflegeprodukte auf Basis eigener Abteirezepte.<\/p>\n<p>Lavendel w\u00e4chst von alters her im Klostergarten. Diese fl\u00fcssige Handseife mit \u00e4therischem Lavendel\u00f6l der Trappisten von Aiguebelle in der Provence ist mild und spendet viel Feuchtigkeit.<\/p>\n","protected":false},"excerpt":{"rendered":"<p>Im Jahr 1964 begannen die Trappistinnen der Abtei Unsere Liebe Frau von Nazareth in Brecht einen kleinen Seifenproduktionsbetrieb. TRAPP. ist eine Serie handwerklicher Seifen und K\u00f6rperpflegeprodukte auf Basis eigener Abteirezepte.<\/p>\n<p>Lavendel w\u00e4chst von alters her im Klostergarten. Diese fl\u00fcssige Handseife mit \u00e4therischem Lavendel\u00f6l der Trappisten von Aiguebelle in der Provence ist mild und spendet viel Feuchtigkeit.<\/p>\n","protected":false},"featured_media":14707,"comment_status":"open","ping_status":"closed","template":"","meta":[],"product_brand":[],"product_cat":[83,120,102],"product_tag":[],"class_list":{"0":"post-10230","1":"product","2":"type-product","3":"status-publish","4":"has-post-thumbnail","6":"product_cat-handseife","7":"product_cat-lavendel-de","8":"product_cat-nachfullpack","10":"first","11":"instock","12":"taxable","13":"shipping-taxable","14":"purchasable","15":"product-type-simple"},"_links":{"self":[{"href":"https:\/\/trapp.be\/de\/wp-json\/wp\/v2\/product\/10230","targetHints":{"allow":["GET"]}}],"collection":[{"href":"https:\/\/trapp.be\/de\/wp-json\/wp\/v2\/product"}],"about":[{"href":"https:\/\/trapp.be\/de\/wp-json\/wp\/v2\/types\/product"}],"replies":[{"embeddable":true,"href":"https:\/\/trapp.be\/de\/wp-json\/wp\/v2\/comments?post=10230"}],"wp:featuredmedia":[{"embeddable":true,"href":"https:\/\/trapp.be\/de\/wp-json\/wp\/v2\/media\/14707"}],"wp:attachment":[{"href":"https:\/\/trapp.be\/de\/wp-json\/wp\/v2\/media?parent=10230"}],"wp:term":[{"taxonomy":"product_brand","embeddable":true,"href":"https:\/\/trapp.be\/de\/wp-json\/wp\/v2\/product_brand?post=10230"},{"taxonomy":"product_cat","embeddable":true,"href":"https:\/\/trapp.be\/de\/wp-json\/wp\/v2\/product_cat?post=10230"},{"taxonomy":"product_tag","embeddable":true,"href":"https:\/\/trapp.be\/de\/wp-json\/wp\/v2\/product_tag?post=10230"}],"curies":[{"name":"wp","href":"https:\/\/api.w.org\/{rel}","templated":true}]}}