{"id":10218,"date":"2020-11-12T20:07:55","date_gmt":"2019-10-22T06:32:55","guid":{"rendered":"https:\/\/trapp.be\/product\/lavendel-bodylotion\/"},"modified":"2023-07-14T19:38:37","modified_gmt":"2023-07-14T18:38:37","slug":"lavendel-bodylotion","status":"publish","type":"product","link":"https:\/\/trapp.be\/de\/produkt\/lavendel-bodylotion\/","title":{"rendered":"Lavendel Bodylotion"},"content":{"rendered":"<p>Im Jahr 1964 begannen die Trappistinnen der Abtei Unsere Liebe Frau von Nazareth in Brecht einen kleinen Seifenproduktionsbetrieb. TRAPP. ist eine Serie handwerklicher Seifen und K\u00f6rperpflegeprodukte auf Basis eigener Abteirezepte.<\/p>\n<p>Lavendel w\u00e4chst von alters her im Klostergarten. Diese Bodylotion mit \u00e4therischem Lavendel\u00f6l der Trappisten von Aiguebelle in der Provence, angereichert mit Ringelblume und Himbeer\u00f6l, \u00a0spendet viel Feuchtigkeit und ist f\u00fcr empfindliche Haut geeignet.<\/p>\n","protected":false},"excerpt":{"rendered":"<p>Im Jahr 1964 begannen die Trappistinnen der Abtei Unsere Liebe Frau von Nazareth in Brecht einen kleinen Seifenproduktionsbetrieb. TRAPP. ist eine Serie handwerklicher Seifen und K\u00f6rperpflegeprodukte auf Basis eigener Abteirezepte.<\/p>\n<p>Lavendel w\u00e4chst von alters her im Klostergarten. Diese Bodylotion mit \u00e4therischem Lavendel\u00f6l der Trappisten von Aiguebelle in der Provence, angereichert mit Ringelblume und Himbeer\u00f6l, \u00a0spendet viel Feuchtigkeit und ist f\u00fcr empfindliche Haut geeignet.<\/p>\n","protected":false},"featured_media":14679,"comment_status":"open","ping_status":"closed","template":"","meta":[],"product_brand":[],"product_cat":[81,120],"product_tag":[],"class_list":{"0":"post-10218","1":"product","2":"type-product","3":"status-publish","4":"has-post-thumbnail","6":"product_cat-bodylotion-de","7":"product_cat-lavendel-de","9":"first","10":"instock","11":"taxable","12":"shipping-taxable","13":"purchasable","14":"product-type-simple"},"_links":{"self":[{"href":"https:\/\/trapp.be\/de\/wp-json\/wp\/v2\/product\/10218","targetHints":{"allow":["GET"]}}],"collection":[{"href":"https:\/\/trapp.be\/de\/wp-json\/wp\/v2\/product"}],"about":[{"href":"https:\/\/trapp.be\/de\/wp-json\/wp\/v2\/types\/product"}],"replies":[{"embeddable":true,"href":"https:\/\/trapp.be\/de\/wp-json\/wp\/v2\/comments?post=10218"}],"wp:featuredmedia":[{"embeddable":true,"href":"https:\/\/trapp.be\/de\/wp-json\/wp\/v2\/media\/14679"}],"wp:attachment":[{"href":"https:\/\/trapp.be\/de\/wp-json\/wp\/v2\/media?parent=10218"}],"wp:term":[{"taxonomy":"product_brand","embeddable":true,"href":"https:\/\/trapp.be\/de\/wp-json\/wp\/v2\/product_brand?post=10218"},{"taxonomy":"product_cat","embeddable":true,"href":"https:\/\/trapp.be\/de\/wp-json\/wp\/v2\/product_cat?post=10218"},{"taxonomy":"product_tag","embeddable":true,"href":"https:\/\/trapp.be\/de\/wp-json\/wp\/v2\/product_tag?post=10218"}],"curies":[{"name":"wp","href":"https:\/\/api.w.org\/{rel}","templated":true}]}}