{"id":10200,"date":"2020-11-12T20:10:51","date_gmt":"2019-10-22T06:21:51","guid":{"rendered":"https:\/\/trapp.be\/product\/lavendel-shampoo\/"},"modified":"2023-07-14T19:37:38","modified_gmt":"2023-07-14T18:37:38","slug":"lavendel-shampoo","status":"publish","type":"product","link":"https:\/\/trapp.be\/de\/produkt\/lavendel-shampoo\/","title":{"rendered":"Lavendel Shampoo"},"content":{"rendered":"<p>Im Jahr 1964 begannen die Trappistinnen der Abtei Unsere Liebe Frau von Nazareth in Brecht einen kleinen Seifenproduktionsbetrieb. TRAPP. ist eine Serie handwerklicher Seifen und K\u00f6rperpflegeprodukte auf Basis eigener Abteirezepte. Lavendel w\u00e4chst von alters her im Klostergarten. Dieses Shampoo mit \u00e4therischem Lavendel\u00f6l der Trappisten von Aiguebelle in der Provence ist mild und f\u00fcr alle Haartypen geeignet.<\/p>\n","protected":false},"excerpt":{"rendered":"<p>Im Jahr 1964 begannen die Trappistinnen der Abtei Unsere Liebe Frau von Nazareth in Brecht einen kleinen Seifenproduktionsbetrieb. TRAPP. ist eine Serie handwerklicher Seifen und K\u00f6rperpflegeprodukte auf Basis eigener Abteirezepte. Lavendel w\u00e4chst von alters her im Klostergarten. Dieses Shampoo mit \u00e4therischem Lavendel\u00f6l der Trappisten von Aiguebelle in der Provence ist mild und f\u00fcr alle Haartypen geeignet.<\/p>\n","protected":false},"featured_media":14687,"comment_status":"open","ping_status":"closed","template":"","meta":[],"product_brand":[],"product_cat":[120,84],"product_tag":[],"class_list":{"0":"post-10200","1":"product","2":"type-product","3":"status-publish","4":"has-post-thumbnail","6":"product_cat-lavendel-de","7":"product_cat-shampoo-de","9":"first","10":"instock","11":"taxable","12":"shipping-taxable","13":"purchasable","14":"product-type-simple"},"_links":{"self":[{"href":"https:\/\/trapp.be\/de\/wp-json\/wp\/v2\/product\/10200","targetHints":{"allow":["GET"]}}],"collection":[{"href":"https:\/\/trapp.be\/de\/wp-json\/wp\/v2\/product"}],"about":[{"href":"https:\/\/trapp.be\/de\/wp-json\/wp\/v2\/types\/product"}],"replies":[{"embeddable":true,"href":"https:\/\/trapp.be\/de\/wp-json\/wp\/v2\/comments?post=10200"}],"wp:featuredmedia":[{"embeddable":true,"href":"https:\/\/trapp.be\/de\/wp-json\/wp\/v2\/media\/14687"}],"wp:attachment":[{"href":"https:\/\/trapp.be\/de\/wp-json\/wp\/v2\/media?parent=10200"}],"wp:term":[{"taxonomy":"product_brand","embeddable":true,"href":"https:\/\/trapp.be\/de\/wp-json\/wp\/v2\/product_brand?post=10200"},{"taxonomy":"product_cat","embeddable":true,"href":"https:\/\/trapp.be\/de\/wp-json\/wp\/v2\/product_cat?post=10200"},{"taxonomy":"product_tag","embeddable":true,"href":"https:\/\/trapp.be\/de\/wp-json\/wp\/v2\/product_tag?post=10200"}],"curies":[{"name":"wp","href":"https:\/\/api.w.org\/{rel}","templated":true}]}}