{"id":10171,"date":"2023-04-01T07:01:15","date_gmt":"2021-07-01T17:58:15","guid":{"rendered":"https:\/\/trapp.be\/product\/trapp-handtuch\/"},"modified":"2024-12-11T10:17:26","modified_gmt":"2024-12-11T09:17:26","slug":"trapp-handtuch","status":"publish","type":"product","link":"https:\/\/trapp.be\/de\/produkt\/trapp-handtuch\/","title":{"rendered":"TRAPP. Handtuch"},"content":{"rendered":"<p>Entdecken Sie unsere superweichen und volumin\u00f6sen Trapp.-Handt\u00fccher!<\/p>\n<p>&nbsp;<\/p>\n<p>Diese hochwertigen Handt\u00fccher aus 100 % Baumwolle sind perfekt f\u00fcr empfindliche Haut geeignet, da sie nicht verdreht sind und ihre langen Schlaufen die Haut nicht besch\u00e4digen oder reizen.<\/p>\n<p>&nbsp;<\/p>\n<p>Ideal in Kombination mit einem unserer k\u00f6stlichen Trapp.-Produkte zu verwenden.<\/p>\n<p>&nbsp;<\/p>\n<p>500gr\/m\u00b2 &#8211; waschbar bei 60\u00b0.<\/p>\n<p>50 x 100 cm<\/p>\n<p>erh\u00e4ltlich in 4 verschiedenen Farben<\/p>\n<p>&nbsp;<\/p>\n<p>Nach der Fertigstellung der kirchlichen Textilwerkstatt der Abtei wollen wir den Faden wieder aufnehmen und unser Sortiment auch um Badew\u00e4sche erweitern. Ab Mai 2021 finden Sie in unserem komplett renovierten Shop hochwertige Waschlappen, G\u00e4stehandt\u00fccher und Badet\u00fccher in leuchtenden Farben.<\/p>\n<p>Diese Linie hochwertiger Badet\u00fccher erg\u00e4nzt das bestehende Angebot an Pflegeprodukten mit sch\u00f6nen Stoffen. Das superweiche und volumin\u00f6se TRAPP.-Textil ist ideal f\u00fcr empfindliche Haut.\u00a0 Dank der au\u00dfergew\u00f6hnlichen Zero-Twist-Qualit\u00e4t f\u00fchlt sich die Badew\u00e4sche sehr weich an, saugt sehr gut auf und die geraden (Zero-Twist) langen Schlingen reizen die Haut nicht.<\/p>\n","protected":false},"excerpt":{"rendered":"<p>Entdecken Sie unsere superweichen und volumin\u00f6sen Trapp.-Handt\u00fccher!<\/p>\n<p>&nbsp;<\/p>\n<p>Diese hochwertigen Handt\u00fccher aus 100 % Baumwolle sind perfekt f\u00fcr empfindliche Haut geeignet, da sie nicht verdreht sind und ihre langen Schlaufen die Haut nicht besch\u00e4digen oder reizen.<\/p>\n<p>&nbsp;<\/p>\n<p>Ideal in Kombination mit einem unserer k\u00f6stlichen Trapp.-Produkte zu verwenden.<\/p>\n<p>&nbsp;<\/p>\n<p>500gr\/m\u00b2 &#8211; waschbar bei 60\u00b0.<\/p>\n<p>50 x 100 cm<\/p>\n<p>erh\u00e4ltlich in 4 verschiedenen Farben<\/p>\n<p>&nbsp;<\/p>\n<p>Nach der Fertigstellung der kirchlichen Textilwerkstatt der Abtei wollen wir den Faden wieder aufnehmen und unser Sortiment auch um Badew\u00e4sche erweitern. Ab Mai 2021 finden Sie in unserem komplett renovierten Shop hochwertige Waschlappen, G\u00e4stehandt\u00fccher und Badet\u00fccher in leuchtenden Farben.<\/p>\n<p>Diese Linie hochwertiger Badet\u00fccher erg\u00e4nzt das bestehende Angebot an Pflegeprodukten mit sch\u00f6nen Stoffen. Das superweiche und volumin\u00f6se TRAPP.-Textil ist ideal f\u00fcr empfindliche Haut.\u00a0 Dank der au\u00dfergew\u00f6hnlichen Zero-Twist-Qualit\u00e4t f\u00fchlt sich die Badew\u00e4sche sehr weich an, saugt sehr gut auf und die geraden (Zero-Twist) langen Schlingen reizen die Haut nicht.<\/p>\n","protected":false},"featured_media":10104,"comment_status":"open","ping_status":"closed","template":"","meta":[],"product_brand":[],"product_cat":[105,113],"product_tag":[],"class_list":{"0":"post-10171","1":"product","2":"type-product","3":"status-publish","4":"has-post-thumbnail","6":"product_cat-badetucher","7":"product_cat-handtucher","9":"first","10":"instock","11":"taxable","12":"shipping-taxable","13":"purchasable","14":"product-type-variable"},"_links":{"self":[{"href":"https:\/\/trapp.be\/de\/wp-json\/wp\/v2\/product\/10171","targetHints":{"allow":["GET"]}}],"collection":[{"href":"https:\/\/trapp.be\/de\/wp-json\/wp\/v2\/product"}],"about":[{"href":"https:\/\/trapp.be\/de\/wp-json\/wp\/v2\/types\/product"}],"replies":[{"embeddable":true,"href":"https:\/\/trapp.be\/de\/wp-json\/wp\/v2\/comments?post=10171"}],"wp:featuredmedia":[{"embeddable":true,"href":"https:\/\/trapp.be\/de\/wp-json\/wp\/v2\/media\/10104"}],"wp:attachment":[{"href":"https:\/\/trapp.be\/de\/wp-json\/wp\/v2\/media?parent=10171"}],"wp:term":[{"taxonomy":"product_brand","embeddable":true,"href":"https:\/\/trapp.be\/de\/wp-json\/wp\/v2\/product_brand?post=10171"},{"taxonomy":"product_cat","embeddable":true,"href":"https:\/\/trapp.be\/de\/wp-json\/wp\/v2\/product_cat?post=10171"},{"taxonomy":"product_tag","embeddable":true,"href":"https:\/\/trapp.be\/de\/wp-json\/wp\/v2\/product_tag?post=10171"}],"curies":[{"name":"wp","href":"https:\/\/api.w.org\/{rel}","templated":true}]}}